{"id":65,"date":"2018-02-08T05:09:09","date_gmt":"2018-02-08T05:09:09","guid":{"rendered":"http:\/\/findlife.org\/?page_id=65"},"modified":"2018-02-08T05:09:09","modified_gmt":"2018-02-08T05:09:09","slug":"what-is-true-religion","status":"publish","type":"page","link":"https:\/\/findlife.org\/es\/religion\/what-is-true-religion\/","title":{"rendered":"\u00bfCu\u00e1l es la religi\u00f3n verdadera?"},"content":{"rendered":"<p>La religi\u00f3n puede ser definida como \u201cla creencia en Dios o dioses, que deben ser adorados, usualmente expresada mediante conductas y rituales\u201d o \u201ccualquier sistema espec\u00edfico de creencia, adoraci\u00f3n, etc., que con frecuencia incluye un c\u00f3digo de \u00e9tica.\u201d M\u00e1s del 90% de la poblaci\u00f3n mundial est\u00e1 adherida a alguna forma de religi\u00f3n. El problema es que hay demasiada diversidad de religiones. \u00bfCu\u00e1l es la religi\u00f3n correcta? \u00bfCu\u00e1l es la religi\u00f3n verdadera?<\/p>\n<p>Los dos ingredientes m\u00e1s comunes en las religiones son, reglas y rituales. Algunas religiones son esencialmente solo una lista de reglas de hacer o no hacer, que una persona debe observar a fin de ser considerado como un fiel partidario de esa religi\u00f3n, y por lo tanto, justo ante el Dios de esa religi\u00f3n. Dos ejemplos de religiones basados en las reglas son el Islamismo y el Juda\u00edsmo. El Islam tiene sus cinco pilares que deben ser observados. El Juda\u00edsmo tiene cientos de mandamientos y tradiciones que deben ser observados. Ambas religiones, hasta cierto punto, sostienen que obedeciendo las reglas de la religi\u00f3n, una persona ser\u00e1 considerada justa ante Dios. Otras religiones se enfocan m\u00e1s en la observancia de rituales, en lugar de la obediencia a una lista de reglas. Mediante la ofrenda de este sacrificio, desempe\u00f1ando esta tarea, participando en este servicio, consumiendo esta comida, etc., una persona es hecha justa ante Dios. El ejemplo m\u00e1s prominente de una religi\u00f3n basada en rituales es el Catolicismo Romano. El Catolicismo Romano afirma que siendo bautizado con agua en la infancia, participando en la Misa, confesando los pecados al sacerdote, ofreciendo oraciones a los santos en el Cielo, siendo ungido por un sacerdote antes de la muerte, etc., etc., Dios aceptar\u00e1 a tal persona en el Cielo despu\u00e9s de su muerte. El Budismo e Hinduismo tambi\u00e9n son religiones basadas principalmente en rituales, pero tambi\u00e9n pueden ser considerados en menor grado como basados en reglas.<\/p>\n<p>La verdadera religi\u00f3n ni est\u00e1 basada en reglas ni en rituales. La verdadera religi\u00f3n es una relaci\u00f3n con Dios. Dos cosas que todas las religiones sostienen son, que de alguna manera, la humanidad est\u00e1 separada de Dios y que necesita ser reconciliada con \u00c9l. Las religiones falsas buscan resolver este problema mediante la observancia de reglas y rituales. La verdadera religi\u00f3n resuelve el problema mediante el reconocimiento de que solo Dios puede restablecer esa separaci\u00f3n, y que \u00c9l ya lo ha hecho. La verdadera religi\u00f3n reconoce lo siguiente:<\/p>\n<p>\u2022 Todos hemos pecado y por tanto estamos separados de Dios (<a class=\"rtBibleRef\" href=\"https:\/\/biblia.com\/bible\/nvi\/Rom%203.23?culture=es\" target=\"_blank\" rel=\"noopener\" data-reference=\"Rom 3.23\" data-version=\"nvi\" data-purpose=\"bible-reference\">Romanos 3:23<\/a>)<\/p>\n<p>\u2022 Si esto no es rectificado, el justo castigo por el pecado es la muerte y la separaci\u00f3n eterna de Dios despu\u00e9s de la muerte (<a class=\"rtBibleRef\" href=\"https:\/\/biblia.com\/bible\/nvi\/Rom%206.23?culture=es\" target=\"_blank\" rel=\"noopener\" data-reference=\"Rom 6.23\" data-version=\"nvi\" data-purpose=\"bible-reference\">Romanos 6:23<\/a>)<\/p>\n<p>\u2022 Dios vino a nosotros en la Persona de Jesucristo quien muri\u00f3 en nuestro lugar, tomando el castigo que todos merecemos, y resucitando de entre los muertos para demostrar que Su muerte fue un sacrificio suficiente (<a class=\"rtBibleRef\" href=\"https:\/\/biblia.com\/bible\/nvi\/Rom%205.8?culture=es\" target=\"_blank\" rel=\"noopener\" data-reference=\"Rom 5.8\" data-version=\"nvi\" data-purpose=\"bible-reference\">Romanos 5:8<\/a>; <a class=\"rtBibleRef\" href=\"https:\/\/biblia.com\/bible\/nvi\/1%20Cor%2015.3-4?culture=es\" target=\"_blank\" rel=\"noopener\" data-reference=\"1 Cor 15.3-4\" data-version=\"nvi\" data-purpose=\"bible-reference\">1 Corintios 15:3-4<\/a>; <a class=\"rtBibleRef\" href=\"https:\/\/biblia.com\/bible\/nvi\/2%20Cor%205.21?culture=es\" target=\"_blank\" rel=\"noopener\" data-reference=\"2 Cor 5.21\" data-version=\"nvi\" data-purpose=\"bible-reference\">2 Corintios 5:21<\/a>).<\/p>\n<p>\u2022 Si recibimos a Jesucristo como el Salvador, confiando en Su muerte como el pago completo por nuestros pecados, somos perdonados, salvados, redimidos, reconciliados, y justificados ante Dios (<a class=\"rtBibleRef\" href=\"https:\/\/biblia.com\/bible\/nvi\/Juan%203.16?culture=es\" target=\"_blank\" rel=\"noopener\" data-reference=\"Juan 3.16\" data-version=\"nvi\" data-purpose=\"bible-reference\">Juan 3:16<\/a>; <a class=\"rtBibleRef\" href=\"https:\/\/biblia.com\/bible\/nvi\/Rom%2010.9-10?culture=es\" target=\"_blank\" rel=\"noopener\" data-reference=\"Rom 10.9-10\" data-version=\"nvi\" data-purpose=\"bible-reference\">Romanos 10:9-10<\/a>; <a class=\"rtBibleRef\" href=\"https:\/\/biblia.com\/bible\/nvi\/Efe%202.8-9?culture=es\" target=\"_blank\" rel=\"noopener\" data-reference=\"Efe 2.8-9\" data-version=\"nvi\" data-purpose=\"bible-reference\">Efesios 2:8-9<\/a>).<\/p>\n<p>La religi\u00f3n verdadera tiene reglas y rituales, pero hay una diferencia crucial. En la religi\u00f3n verdadera, las reglas y rituales son observadas por gratitud a la Salvaci\u00f3n que Dios provey\u00f3 \u2013 NO en un esfuerzo por obtener esa salvaci\u00f3n. La religi\u00f3n verdadera, la cual es el Cristianismo B\u00edblico, tiene reglas que hay que obedecer (no matar\u00e1s, no cometer\u00e1s adulterio, no mentir\u00e1s, etc.) y rituales que observar (el bautismo en agua por inmersi\u00f3n y la Cena \/ Comuni\u00f3n del Se\u00f1or). La observancia de estas reglas y rituales no es lo que nos hace una persona justa ante Dios. M\u00e1s bien, estas reglas y rituales son el RESULTADO de nuestra relaci\u00f3n con Dios, por gracia a trav\u00e9s de la fe en Jesucristo solamente como el Salvador. La religi\u00f3n falsa es hacer cosas (reglas y rituales) para tratar de ganar el favor de Dios. La religi\u00f3n verdadera es recibir a Jesucristo como Salvador y por ese medio obtener una correcta relaci\u00f3n con Dios \u2013 y entonces hacer las dem\u00e1s cosas (reglas y rituales) por el amor a Dios y el deseo de acercarnos m\u00e1s a \u00c9l.<\/p>","protected":false},"excerpt":{"rendered":"<p>La religi\u00f3n puede ser definida como \u201cla creencia en Dios o dioses, que deben ser adorados, usualmente expresada mediante conductas y rituales\u201d o \u201ccualquier sistema [&hellip;] <span class=\"read-more-link\"><a class=\"read-more\" href=\"https:\/\/findlife.org\/es\/religion\/what-is-true-religion\/\">Read More<\/a><\/span><\/p>\n","protected":false},"author":1,"featured_media":0,"parent":61,"menu_order":0,"comment_status":"closed","ping_status":"closed","template":"","meta":{"_monsterinsights_skip_tracking":false,"_monsterinsights_sitenote_active":false,"_monsterinsights_sitenote_note":"","_monsterinsights_sitenote_category":0,"footnotes":""},"class_list":["post-65","page","type-page","status-publish","hentry"],"_links":{"self":[{"href":"https:\/\/findlife.org\/es\/wp-json\/wp\/v2\/pages\/65","targetHints":{"allow":["GET"]}}],"collection":[{"href":"https:\/\/findlife.org\/es\/wp-json\/wp\/v2\/pages"}],"about":[{"href":"https:\/\/findlife.org\/es\/wp-json\/wp\/v2\/types\/page"}],"author":[{"embeddable":true,"href":"https:\/\/findlife.org\/es\/wp-json\/wp\/v2\/users\/1"}],"replies":[{"embeddable":true,"href":"https:\/\/findlife.org\/es\/wp-json\/wp\/v2\/comments?post=65"}],"version-history":[{"count":1,"href":"https:\/\/findlife.org\/es\/wp-json\/wp\/v2\/pages\/65\/revisions"}],"predecessor-version":[{"id":66,"href":"https:\/\/findlife.org\/es\/wp-json\/wp\/v2\/pages\/65\/revisions\/66"}],"up":[{"embeddable":true,"href":"https:\/\/findlife.org\/es\/wp-json\/wp\/v2\/pages\/61"}],"wp:attachment":[{"href":"https:\/\/findlife.org\/es\/wp-json\/wp\/v2\/media?parent=65"}],"curies":[{"name":"wp","href":"https:\/\/api.w.org\/{rel}","templated":true}]}}