{"id":63,"date":"2018-02-08T05:05:49","date_gmt":"2018-02-08T05:05:49","guid":{"rendered":"http:\/\/findlife.org\/?page_id=63"},"modified":"2018-02-08T05:05:49","modified_gmt":"2018-02-08T05:05:49","slug":"what-is-the-right-religion-for-me","status":"publish","type":"page","link":"https:\/\/findlife.org\/es\/religion\/what-is-the-right-religion-for-me\/","title":{"rendered":"\u00bfCu\u00e1l es para m\u00ed la religi\u00f3n verdadera?"},"content":{"rendered":"<p>Los restaurantes de comida r\u00e1pida nos tientan, al permitirnos ordenar nuestra comida exactamente como queremos. Algunas cafeter\u00edas alardean acerca de cientos de sabores diferentes y variaciones de caf\u00e9. A\u00fan cuando compramos casas y carros, podemos buscar uno con todas las opciones y caracter\u00edsticas deseadas. Ya no vivimos en un mundo de chocolate, vainilla y frutilla. \u00a1La selecci\u00f3n es el rey! Usted puede encontrar casi todo lo que quiera de acuerdo con sus propios gustos y necesidades personales.<\/p>\n<p>As\u00ed que, \u00bfqu\u00e9 le parece una religi\u00f3n que sea justo para usted? \u00bfQu\u00e9 le parece una religi\u00f3n libre de culpa, que no haga demandas, y que no est\u00e9 cargada de un mont\u00f3n de reglas molestas de lo que uno debe o no debe hacer? Est\u00e1 ah\u00ed, justo como lo he descrito, pero \u00bfes la religi\u00f3n algo para ser escogido como un sabor favorito de helado?<\/p>\n<p>Hay un mont\u00f3n de voces compitiendo por nuestra atenci\u00f3n, entonces \u00bfpor qu\u00e9 uno deber\u00eda considerar a Jes\u00fas superior a, digamos, Mahoma, Confucio, Buda, Charles Taze Russell, o Joseph Smith? Despu\u00e9s de todo, \u00bfno conducen todos los caminos al cielo? \u00bfNo son todas las religiones b\u00e1sicamente iguales? La verdad es que no todas las religiones conducen al cielo, as\u00ed como no todos los caminos conducen a Roma.<\/p>\n<p>S\u00f3lo Jes\u00fas habla con la autoridad de Dios, porque s\u00f3lo Jes\u00fas venci\u00f3 la muerte. Mahoma, Confucio, y los otros, se desmoronan en sus tumbas hasta hoy mismo, pero Jes\u00fas, por Su propio poder, abandon\u00f3 la tumba tres d\u00edas despu\u00e9s de morir sobre una cruel cruz romana. Cualquiera que tenga el poder sobre la muerte, merece su atenci\u00f3n. Cualquiera que tenga el poder sobre la muerte merece ser escuchado.<\/p>\n<p>La evidencia que acredita la resurrecci\u00f3n de Jes\u00fas es arrolladora. Primero, \u00a1Hubo sobre quinientos testigos oculares del Cristo resucitado! Eso es un mont\u00f3n de testigos oculares. Quinientas voces no pueden ser ignoradas. \u00a1Tambi\u00e9n est\u00e1 el asunto de la tumba vac\u00eda; los enemigos de Jes\u00fas f\u00e1cilmente pudieron haber detenido todo lo que se hablaba acerca de la resurrecci\u00f3n al presentar su cuerpo muerto y descompuesto, pero no hubo un cuerpo para presentar! \u00a1La tumba estaba vac\u00eda! \u00bfPudieron los disc\u00edpulos haber robado su cuerpo? Dif\u00edcilmente. Para prevenir tal eventualidad, la tumba de Jes\u00fas hab\u00eda estado fuertemente resguardada por soldados armados. Considerando que sus seguidores m\u00e1s cercanos por temor hab\u00edan huido en Su arresto y crucifixi\u00f3n, es muy poco probable que este pobre conjunto de pescadores atemorizados se hubiera enfrentado mano a mano a entrenados soldados profesionales. \u00a1El hecho simple es que la resurrecci\u00f3n de Jes\u00fas no puede dar explicaci\u00f3n!<\/p>\n<p>Nuevamente, cualquiera que tiene poder sobre la muerte, merece ser escuchado. Jes\u00fas prob\u00f3 Su poder sobre la muerte, por tanto, necesitamos escuchar lo que dice. Jes\u00fas afirma ser el \u00fanico camino hacia la salvaci\u00f3n (<a class=\"rtBibleRef\" href=\"https:\/\/biblia.com\/bible\/nvi\/Juan%2014.6?culture=es\" target=\"_blank\" rel=\"noopener\" data-reference=\"Juan 14.6\" data-version=\"nvi\" data-purpose=\"bible-reference\">Juan 14:6<\/a>). El no es un camino; El no es uno de muchos caminos. Jes\u00fas es el camino.<\/p>\n<p>Y este mismo Jes\u00fas dice, \u201cVenid a m\u00ed todos los que est\u00e1is trabajados y cargados, y yo os har\u00e9 descansar\u201d (<a class=\"rtBibleRef\" href=\"https:\/\/biblia.com\/bible\/nvi\/Mat%2011.28?culture=es\" target=\"_blank\" rel=\"noopener\" data-reference=\"Mat 11.28\" data-version=\"nvi\" data-purpose=\"bible-reference\">Mateo 11:28<\/a>) Este es un mundo fatigoso y la vida es dif\u00edcil. La mayor\u00eda de nosotros estamos bastante sufridos, heridos, y deteriorados. \u00bfEst\u00e1 de acuerdo? As\u00ed que, \u00bfqu\u00e9 es lo que quiere? \u00bfUn restablecimiento o una mera religi\u00f3n? \u00bfUn Salvador viviente o uno de muchos \u201cprofetas\u201d muertos? \u00bfUna relaci\u00f3n significativa o rituales vac\u00edos? Jes\u00fas no es una elecci\u00f3n &#8211; \u00a1\u00c9l es la elecci\u00f3n!<\/p>\n<p>Si usted est\u00e1 buscando perd\u00f3n, Jes\u00fas es la verdadera \u201creligi\u00f3n\u201d (<a class=\"rtBibleRef\" href=\"https:\/\/biblia.com\/bible\/nvi\/Hech%2010.43?culture=es\" target=\"_blank\" rel=\"noopener\" data-reference=\"Hech 10.43\" data-version=\"nvi\" data-purpose=\"bible-reference\">Hechos 10:43<\/a>). Jes\u00fas es la verdadera religi\u00f3n si usted est\u00e1 buscando una relaci\u00f3n significativa con Dios (<a class=\"rtBibleRef\" href=\"https:\/\/biblia.com\/bible\/nvi\/Juan%2010.10?culture=es\" target=\"_blank\" rel=\"noopener\" data-reference=\"Juan 10.10\" data-version=\"nvi\" data-purpose=\"bible-reference\">Juan 10:10<\/a>). Jes\u00fas es la \u201creligi\u00f3n\u201d verdadera si usted est\u00e1 buscando un hogar eterno en el Cielo (<a class=\"rtBibleRef\" href=\"https:\/\/biblia.com\/bible\/nvi\/Juan%203.16?culture=es\" target=\"_blank\" rel=\"noopener\" data-reference=\"Juan 3.16\" data-version=\"nvi\" data-purpose=\"bible-reference\">Juan 3:16<\/a>). Ponga su fe en Jesucristo como su Salvador. \u00a1No lo lamentar\u00e1! Conf\u00ede en \u00c9l para el perd\u00f3n de sus pecados. \u00a1No quedar\u00e1 decepcionado!<\/p>\n<p>Si usted desea tener una \u201crelaci\u00f3n verdadera\u201d con Dios, aqu\u00ed est\u00e1 una oraci\u00f3n modelo. Recuerde, hacer esta oraci\u00f3n o cualquier otra, no lo va a salvar. Es solamente el confiar en Cristo lo que le puede librar del pecado. Esta oraci\u00f3n es simplemente una manera de expresar a Dios su fe en \u00c9l, y agradecerle por proveerle la salvaci\u00f3n. \u201c\u00a1Dios, s\u00e9 que he pecado contra ti y merezco castigo. Pero Jesucristo tom\u00f3 el castigo que yo merec\u00eda, de manera que a trav\u00e9s de la fe en \u00c9l yo pueda ser perdonado. Me aparto de mi pecado y pongo mi confianza en Ti para la salvaci\u00f3n. \u00a1Gracias por Tu maravillosa gracia y perd\u00f3n \u2013 el don de la vida eterna! En el Nombre de Jes\u00fas, \u00a1Am\u00e9n!\u201d<\/p>","protected":false},"excerpt":{"rendered":"<p>Los restaurantes de comida r\u00e1pida nos tientan, al permitirnos ordenar nuestra comida exactamente como queremos. Algunas cafeter\u00edas alardean acerca de cientos de sabores diferentes y [&hellip;] <span class=\"read-more-link\"><a class=\"read-more\" href=\"https:\/\/findlife.org\/es\/religion\/what-is-the-right-religion-for-me\/\">Read More<\/a><\/span><\/p>\n","protected":false},"author":1,"featured_media":0,"parent":61,"menu_order":0,"comment_status":"closed","ping_status":"closed","template":"","meta":{"_monsterinsights_skip_tracking":false,"_monsterinsights_sitenote_active":false,"_monsterinsights_sitenote_note":"","_monsterinsights_sitenote_category":0,"footnotes":""},"class_list":["post-63","page","type-page","status-publish","hentry"],"_links":{"self":[{"href":"https:\/\/findlife.org\/es\/wp-json\/wp\/v2\/pages\/63","targetHints":{"allow":["GET"]}}],"collection":[{"href":"https:\/\/findlife.org\/es\/wp-json\/wp\/v2\/pages"}],"about":[{"href":"https:\/\/findlife.org\/es\/wp-json\/wp\/v2\/types\/page"}],"author":[{"embeddable":true,"href":"https:\/\/findlife.org\/es\/wp-json\/wp\/v2\/users\/1"}],"replies":[{"embeddable":true,"href":"https:\/\/findlife.org\/es\/wp-json\/wp\/v2\/comments?post=63"}],"version-history":[{"count":1,"href":"https:\/\/findlife.org\/es\/wp-json\/wp\/v2\/pages\/63\/revisions"}],"predecessor-version":[{"id":64,"href":"https:\/\/findlife.org\/es\/wp-json\/wp\/v2\/pages\/63\/revisions\/64"}],"up":[{"embeddable":true,"href":"https:\/\/findlife.org\/es\/wp-json\/wp\/v2\/pages\/61"}],"wp:attachment":[{"href":"https:\/\/findlife.org\/es\/wp-json\/wp\/v2\/media?parent=63"}],"curies":[{"name":"wp","href":"https:\/\/api.w.org\/{rel}","templated":true}]}}