{"id":52,"date":"2018-02-07T05:43:25","date_gmt":"2018-02-07T05:43:25","guid":{"rendered":"http:\/\/findlife.org\/?page_id=52"},"modified":"2018-02-07T05:43:25","modified_gmt":"2018-02-07T05:43:25","slug":"is-the-bible-truly-gods-word","status":"publish","type":"page","link":"https:\/\/findlife.org\/es\/god\/is-the-bible-truly-gods-word\/","title":{"rendered":"\u00bfEs realmente la Biblia la Palabra de Dios?"},"content":{"rendered":"<p>Nuestra respuesta a esta pregunta no solamente determina c\u00f3mo consideramos a la Biblia y su importancia en nuestras vidas, sino que tambi\u00e9n \u00e9sta, a la larga, va a tener un impacto eterno sobre nosotros. Si la Biblia es realmente la Palabra de Dios, entonces nosotros deber\u00edamos apreciarla, estudiarla, obedecerla y finalmente confiar en ella. Si la Biblia es la Palabra de Dios, entonces, rechazarla es rechazar a Dios mismo.<\/p>\n<p>El hecho de que Dios nos dio la Biblia, es una evidencia e ilustraci\u00f3n de Su amor por nosotros. El t\u00e9rmino \u201crevelaci\u00f3n\u201d simplemente significa que Dios comunic\u00f3 a la humanidad c\u00f3mo es El y c\u00f3mo podemos tener una correcta relaci\u00f3n con El. Estas son cosas que no podr\u00edamos haber conocido si Dios divinamente, no nos lo hubiera revelado por medio de la Biblia. Aunque la revelaci\u00f3n de Dios mismo en la Biblia fue dada progresivamente por sobre los 1500 a\u00f1os aproximadamente, siempre ha contenido cualquier cosa que el hombre ha necesitado para conocer acerca de Dios, a fin de tener una correcta relaci\u00f3n con El. Si la Biblia es realmente la Palabra de Dios, entonces esta es la \u00faltima autoridad para todos los asuntos de fe, pr\u00e1ctica religiosa y moral.<\/p>\n<p>La pregunta que debemos hacernos es, \u00bfc\u00f3mo podemos saber que la Biblia es la Palabra de Dios y no solamente un buen libro? \u00bfQu\u00e9 es excepcional acerca de la Biblia que se destaca de todos los otros libros religiosos alguna vez escritos? \u00bfHay alguna evidencia de que la Biblia es realmente la Palabra de Dios? Este es el tipo de preguntas que deben ser consideradas si vamos a examinar seriamente la demanda b\u00edblica de que la Biblia es la Palabra misma de Dios, divinamente inspirada, y totalmente suficiente para todos estos asuntos de fe y pr\u00e1ctica.<\/p>\n<p>No puede haber duda acerca del hecho de que la Biblia demanda ser la Palabra misma de Dios. Esto se lo ve claramente en vers\u00edculos como 2\u00aa de Timoteo 3:15-17, el cual dice, \u201c\u2026y que desde las ni\u00f1ez has sabido las Sagradas Escrituras, las cuales te pueden hacer sabio para la salvaci\u00f3n por la fe que es en Cristo Jes\u00fas. Toda la Escritura es inspirada por Dios, y \u00fatil para ense\u00f1ar, para redarg\u00fcir, para corregir, para instruir en justicia, a fin de que el hombre de Dios sea perfecto, enteramente preparado para toda buena obra.\u201d<\/p>\n<p>A fin de contestar estas preguntas, debemos mirar tanto a las evidencias internas, como a las externas, que muestran que la Biblia en realidad es la Palabra de Dios. Las evidencias internas son aquellas cosas internas de la Biblia misma, que testifican de su origen divino. Una de las primeras evidencias internas, de que la Biblia es en realidad la Palabra de Dios, se la ve en su unidad. A\u00fan cuando en realidad son sesenta y seis libros individuales, escritos en tres continentes, en tres diferentes idiomas, en un per\u00edodo aproximado de sobre los 1,500 a\u00f1os, por m\u00e1s de 40 autores (que vinieron de muchos caminos diversos), la Biblia permanece como un libro unificado de principio a fin, sin contradicci\u00f3n. Esta unidad es \u00fanica a diferencia de los otros libros, y es una evidencia del origen divino de las palabras, mientras Dios movi\u00f3 a los hombres de tal manera, que registraron Sus palabras mismas.<\/p>\n<p>Otra de las evidencias internas que indican que la Biblia es realmente la Palabra de Dios se la ve en las profec\u00edas detalladas, contenidas en el interior de sus p\u00e1ginas. La Biblia contiene cientos de profec\u00edas detalladas, referentes al futuro de naciones particulares incluyendo Israel, al futuro de ciertas ciudades, al futuro de la humanidad, y a la venida de Uno que ser\u00eda el Mes\u00edas, el Salvador de no solamente Israel, sino de todo el que creyera en El. A diferencia de las profec\u00edas encontradas en otros libros religiosos o aquellas dadas por Nostradamus, las profec\u00edas b\u00edblicas son extremadamente detalladas y nunca han dejado de hacerse realidad. S\u00f3lo en el Antiguo Testamento, hay sobre trescientas profec\u00edas referentes a Jesucristo. No solamente que fue profetizado d\u00f3nde nacer\u00eda y de qu\u00e9 familia vendr\u00eda, sino tambi\u00e9n c\u00f3mo morir\u00eda y que resucitar\u00eda al tercer d\u00eda. Simplemente no hay un camino l\u00f3gico para explicar las profec\u00edas cumplidas en la Biblia sino por origen divino. No hay otro libro religioso con el alcance o tipo de profec\u00eda de predicci\u00f3n que tiene la Biblia.<\/p>\n<p>Una tercera evidencia interna del origen divino de la Biblia se ve en su autoridad y poder \u00fanicos. Mientras esta evidencia es m\u00e1s subjetiva que las dos primeras evidencias internas, \u00e9sta no es un testimonio menos poderoso del origen divino de la Biblia. A diferencia de cualquier otro libro alguna vez escrito, la Biblia tiene una autoridad \u00fanica. Esta autoridad y poder son mejor vistos de manera que innumerables vidas han sido transformadas al leer la Biblia. Los adictos a las drogas han sido curados gracias a ella, homosexuales han sido liberados por ella, abandonados y haraganes han sido transformados por ella, criminales empedernidos, reformados por ella, pecadores son reprendidos por ella, y el odio se ha convertido en amor al leerla. La Biblia posee un poder din\u00e1mico y transformador que es posible solamente a causa de la verdadera Palabra de Dios.<\/p>\n<p>Adem\u00e1s de la evidencia interna de que la Biblia es en realidad la Palabra de Dios, tambi\u00e9n hay evidencias externas que indican que la Biblia es en realidad la Palabra de Dios. Una de aquellas evidencias es la historicidad de la Biblia. Ya que la Biblia detalla eventos hist\u00f3ricos, su veracidad y precisi\u00f3n son sujetos de verificaci\u00f3n como cualquier otra documentaci\u00f3n hist\u00f3rica. A trav\u00e9s de evidencias arqueol\u00f3gicas y otros documentos escritos, las descripciones hist\u00f3ricas de la Biblia han sido probadas una y otra vez, para que sea exacta y verdadera. De hecho, toda la evidencia arqueol\u00f3gica y manuscrita que apoyan a la Biblia, hacen de \u00e9sta el mejor libro documentado del mundo antiguo. El hecho de que la Biblia registra con exactitud y verdad eventos hist\u00f3ricamente verificables, es una gran indicaci\u00f3n de su veracidad al tratar con temas religiosos y doctrinas, y ayuda a corroborar su demanda de que \u00e9sta es, la Palabra de Dios misma.<\/p>\n<p>Otra evidencia externa de que la Biblia es realmente la Palabra de Dios es la integridad de los autores humanos. Como mencion\u00e9 antes, Dios us\u00f3 al hombre desde muchos caminos diversos para registrar Sus Palabras para nosotros. Al estudiar las vidas de estos hombres, no hay una buena raz\u00f3n para creer que ellos no fueron hombres honestos y sinceros. Al examinar sus vidas y el hecho de que estuvieron dispuestos a morir (a menudo muertes atroces) por lo que cre\u00edan, r\u00e1pidamente se vuelve claro que estos hombres ordinarios, no obstante honestos, realmente creyeron que Dios les hab\u00eda hablado. Los hombres que escribieron el Nuevo Testamento y muchos otros cientos de creyentes (<a class=\"rtBibleRef\" href=\"https:\/\/biblia.com\/bible\/nvi\/1%20Cor%2015.6?culture=es\" target=\"_blank\" rel=\"noopener\" data-reference=\"1 Cor 15.6\" data-version=\"nvi\" data-purpose=\"bible-reference\">1\u00aa Corintios 15:6<\/a>) conoc\u00edan la verdad de su mensaje porque hab\u00edan visto y pasado tiempo con Jesucristo luego de que resucit\u00f3 de los muertos. La transformaci\u00f3n de ver al Cristo resucitado tuvo un impacto tremendo sobre estos hombres. Ellos pasaron de esconderse por el temor, a estar dispuestos a morir por el mensaje que Dios les hab\u00eda revelado. Sus vidas y muertes testifican el hecho de que la Biblia realmente es la Palabra de Dios.<\/p>\n<p>Una evidencia externa final de que la Biblia realmente es la Palabra de Dios es la indestructibilidad de la Biblia. A causa de su importancia y su demanda de ser la Palabra misma de Dios, la Biblia ha sufrido m\u00e1s ataques agresivos e intentos de destruirla que cualquier otro libro en la historia. Desde los Emperadores Romanos de la antig\u00fcedad como Diocleciano, a trav\u00e9s de los dictadores comunistas y los ateos y agn\u00f3sticos de los d\u00edas modernos, la Biblia ha resistido y sobrevivido a todos sus agresores, y todav\u00eda es el libro m\u00e1s ampliamente publicado en el mundo hoy.<\/p>\n<p>A trav\u00e9s del tiempo, los esc\u00e9pticos han considerado a la Biblia como mitol\u00f3gica, pero la arqueolog\u00eda la ha establecido como hist\u00f3rica. Los oponentes han atacado su ense\u00f1anza como primitiva y anticuada, pero sus conceptos morales y legales, y ense\u00f1anzas, han tenido una influencia positiva en sociedades y culturas en todo el mundo. Contin\u00faa siendo atacada por la ciencia, la psicolog\u00eda y los movimientos pol\u00edticos, no obstante permanece tan veraz y relevante hoy, al igual que desde cuando fue escrita. Este es un libro que ha transformado innumerables vidas y culturas a trav\u00e9s de los \u00faltimos dos mil a\u00f1os. Por mucho que sus oponentes traten de atacar, destruir o desacreditarla, la Biblia permanece tan fuerte, tan real, y tan relevante como lo fue antes, a\u00fan despu\u00e9s de los ataques. La precisi\u00f3n con la que ha sido preservada a pesar de cada intento de alterarla, atacarla o destruirla, es un claro testimonio del hecho de que la Biblia es realmente la Palabra de Dios. No deber\u00eda sorprendernos que por muy atacada que sea la Biblia, \u00e9sta siempre aparece igual y ha salido ilesa. Despu\u00e9s de todo, Jes\u00fas dijo, \u201cEl cielo y la tierra pasar\u00e1n, pero mis palabras no pasar\u00e1n\u201d (<a class=\"rtBibleRef\" href=\"https:\/\/biblia.com\/bible\/nvi\/Mar%2013.31?culture=es\" target=\"_blank\" rel=\"noopener\" data-reference=\"Mar 13.31\" data-version=\"nvi\" data-purpose=\"bible-reference\">Marcos 13:31<\/a>). Despu\u00e9s de mirar la evidencia, uno puede decir sin duda que \u201cS\u00ed, la Biblia es realmente la Palabra de Dios.\u201d<\/p>","protected":false},"excerpt":{"rendered":"<p>Nuestra respuesta a esta pregunta no solamente determina c\u00f3mo consideramos a la Biblia y su importancia en nuestras vidas, sino que tambi\u00e9n \u00e9sta, a la [&hellip;] <span class=\"read-more-link\"><a class=\"read-more\" href=\"https:\/\/findlife.org\/es\/god\/is-the-bible-truly-gods-word\/\">Read More<\/a><\/span><\/p>\n","protected":false},"author":1,"featured_media":0,"parent":8,"menu_order":0,"comment_status":"closed","ping_status":"closed","template":"","meta":{"_monsterinsights_skip_tracking":false,"_monsterinsights_sitenote_active":false,"_monsterinsights_sitenote_note":"","_monsterinsights_sitenote_category":0,"footnotes":""},"class_list":["post-52","page","type-page","status-publish","hentry"],"_links":{"self":[{"href":"https:\/\/findlife.org\/es\/wp-json\/wp\/v2\/pages\/52","targetHints":{"allow":["GET"]}}],"collection":[{"href":"https:\/\/findlife.org\/es\/wp-json\/wp\/v2\/pages"}],"about":[{"href":"https:\/\/findlife.org\/es\/wp-json\/wp\/v2\/types\/page"}],"author":[{"embeddable":true,"href":"https:\/\/findlife.org\/es\/wp-json\/wp\/v2\/users\/1"}],"replies":[{"embeddable":true,"href":"https:\/\/findlife.org\/es\/wp-json\/wp\/v2\/comments?post=52"}],"version-history":[{"count":1,"href":"https:\/\/findlife.org\/es\/wp-json\/wp\/v2\/pages\/52\/revisions"}],"predecessor-version":[{"id":53,"href":"https:\/\/findlife.org\/es\/wp-json\/wp\/v2\/pages\/52\/revisions\/53"}],"up":[{"embeddable":true,"href":"https:\/\/findlife.org\/es\/wp-json\/wp\/v2\/pages\/8"}],"wp:attachment":[{"href":"https:\/\/findlife.org\/es\/wp-json\/wp\/v2\/media?parent=52"}],"curies":[{"name":"wp","href":"https:\/\/api.w.org\/{rel}","templated":true}]}}