{"id":50,"date":"2018-02-07T05:34:48","date_gmt":"2018-02-07T05:34:48","guid":{"rendered":"http:\/\/findlife.org\/?page_id=50"},"modified":"2018-02-07T05:34:48","modified_gmt":"2018-02-07T05:34:48","slug":"masturbation","status":"publish","type":"page","link":"https:\/\/findlife.org\/es\/sex-marriage\/masturbation\/","title":{"rendered":"Masturbaci\u00f3n"},"content":{"rendered":"<p>La Biblia nunca menciona o declara espec\u00edficamente, que la masturbaci\u00f3n sea o no pecado. El hecho de que en la Biblia no se mencione la masturbaci\u00f3n, no necesariamente significa que practicarla sea correcto. La Biblia nos dice que la inmoralidad sexual y toda inmundicia a\u00fan ni debemos nombrarlas (Efesios 5:3). La Biblia nos ense\u00f1a, \u201cSi, pues, com\u00e9is o beb\u00e9is, o hac\u00e9is otra cosa, hacedlo todo para la gloria de Dios (1\u00aa Corintios 10:31). Si hay lugar a dudas de que alguna cosa que haga agrada a Dios, entonces es mejor dejarlo.<\/p>","protected":false},"excerpt":{"rendered":"<p>La Biblia nunca menciona o declara espec\u00edficamente, que la masturbaci\u00f3n sea o no pecado. El hecho de que en la Biblia no se mencione la [&hellip;] <span class=\"read-more-link\"><a class=\"read-more\" href=\"https:\/\/findlife.org\/es\/sex-marriage\/masturbation\/\">Read More<\/a><\/span><\/p>\n","protected":false},"author":1,"featured_media":0,"parent":24,"menu_order":0,"comment_status":"closed","ping_status":"closed","template":"","meta":{"_monsterinsights_skip_tracking":false,"_monsterinsights_sitenote_active":false,"_monsterinsights_sitenote_note":"","_monsterinsights_sitenote_category":0,"footnotes":""},"class_list":["post-50","page","type-page","status-publish","hentry"],"_links":{"self":[{"href":"https:\/\/findlife.org\/es\/wp-json\/wp\/v2\/pages\/50","targetHints":{"allow":["GET"]}}],"collection":[{"href":"https:\/\/findlife.org\/es\/wp-json\/wp\/v2\/pages"}],"about":[{"href":"https:\/\/findlife.org\/es\/wp-json\/wp\/v2\/types\/page"}],"author":[{"embeddable":true,"href":"https:\/\/findlife.org\/es\/wp-json\/wp\/v2\/users\/1"}],"replies":[{"embeddable":true,"href":"https:\/\/findlife.org\/es\/wp-json\/wp\/v2\/comments?post=50"}],"version-history":[{"count":1,"href":"https:\/\/findlife.org\/es\/wp-json\/wp\/v2\/pages\/50\/revisions"}],"predecessor-version":[{"id":51,"href":"https:\/\/findlife.org\/es\/wp-json\/wp\/v2\/pages\/50\/revisions\/51"}],"up":[{"embeddable":true,"href":"https:\/\/findlife.org\/es\/wp-json\/wp\/v2\/pages\/24"}],"wp:attachment":[{"href":"https:\/\/findlife.org\/es\/wp-json\/wp\/v2\/media?parent=50"}],"curies":[{"name":"wp","href":"https:\/\/api.w.org\/{rel}","templated":true}]}}