{"id":48,"date":"2018-02-07T05:22:49","date_gmt":"2018-02-07T05:22:49","guid":{"rendered":"http:\/\/findlife.org\/?page_id=48"},"modified":"2018-02-07T05:22:49","modified_gmt":"2018-02-07T05:22:49","slug":"premarital-sex","status":"publish","type":"page","link":"https:\/\/findlife.org\/es\/sex-marriage\/premarital-sex\/","title":{"rendered":"Sexo Prematrimonial"},"content":{"rendered":"<p>Junto con todos los otros tipos de inmoralidad sexual, el sexo antes del matrimonio \/ las relaciones prematrimoniales son condenados repetidamente en la Escritura (<a class=\"rtBibleRef\" href=\"https:\/\/biblia.com\/bible\/nvi\/Hech%2015.20?culture=es\" target=\"_blank\" rel=\"noopener\" data-reference=\"Hech 15.20\" data-version=\"nvi\" data-purpose=\"bible-reference\">Hechos 15:20<\/a>; <a class=\"rtBibleRef\" href=\"https:\/\/biblia.com\/bible\/nvi\/Rom%201.29?culture=es\" target=\"_blank\" rel=\"noopener\" data-reference=\"Rom 1.29\" data-version=\"nvi\" data-purpose=\"bible-reference\">Romanos 1:29<\/a>; <a class=\"rtBibleRef\" href=\"https:\/\/biblia.com\/bible\/nvi\/1%20Cor%205.1?culture=es\" target=\"_blank\" rel=\"noopener\" data-reference=\"1 Cor 5.1\" data-version=\"nvi\" data-purpose=\"bible-reference\">1\u00aa Corintios 5:1<\/a>; <a class=\"rtBibleRef\" href=\"https:\/\/biblia.com\/bible\/nvi\/1%C2%AA%20Corintios%206.13?culture=es\" target=\"_blank\" rel=\"noopener\" data-reference=\"1\u00aa Corintios 6.13\" data-version=\"nvi\" data-purpose=\"bible-reference\">6:13<\/a>, <a class=\"rtBibleRef\" href=\"https:\/\/biblia.com\/bible\/nvi\/1%C2%AA%20Corintios%206.18?culture=es\" target=\"_blank\" rel=\"noopener\" data-reference=\"1\u00aa Corintios 6.18\" data-version=\"nvi\" data-purpose=\"bible-reference\">18<\/a>; <a class=\"rtBibleRef\" href=\"https:\/\/biblia.com\/bible\/nvi\/1%C2%AA%20Corintios%207.2?culture=es\" target=\"_blank\" rel=\"noopener\" data-reference=\"1\u00aa Corintios 7.2\" data-version=\"nvi\" data-purpose=\"bible-reference\">7:2<\/a>, <a class=\"rtBibleRef\" href=\"https:\/\/biblia.com\/bible\/nvi\/1%C2%AA%20Corintios%2010.8?culture=es\" target=\"_blank\" rel=\"noopener\" data-reference=\"1\u00aa Corintios 10.8\" data-version=\"nvi\" data-purpose=\"bible-reference\">10:8<\/a>; <a class=\"rtBibleRef\" href=\"https:\/\/biblia.com\/bible\/nvi\/2%20Cor%2012.21?culture=es\" target=\"_blank\" rel=\"noopener\" data-reference=\"2 Cor 12.21\" data-version=\"nvi\" data-purpose=\"bible-reference\">2\u00aa Corintios 12:21<\/a>; <a class=\"rtBibleRef\" href=\"https:\/\/biblia.com\/bible\/nvi\/G%C3%A1l%205.19?culture=es\" target=\"_blank\" rel=\"noopener\" data-reference=\"G\u00e1l 5.19\" data-version=\"nvi\" data-purpose=\"bible-reference\">G\u00e1latas 5:19<\/a>; <a class=\"rtBibleRef\" href=\"https:\/\/biblia.com\/bible\/nvi\/Efe%205.3?culture=es\" target=\"_blank\" rel=\"noopener\" data-reference=\"Efe 5.3\" data-version=\"nvi\" data-purpose=\"bible-reference\">Efesios 5:3<\/a>; <a class=\"rtBibleRef\" href=\"https:\/\/biblia.com\/bible\/nvi\/Col%203.5?culture=es\" target=\"_blank\" rel=\"noopener\" data-reference=\"Col 3.5\" data-version=\"nvi\" data-purpose=\"bible-reference\">Colosenses 3:5<\/a>; <a class=\"rtBibleRef\" href=\"https:\/\/biblia.com\/bible\/nvi\/1%20Ts%204.3?culture=es\" target=\"_blank\" rel=\"noopener\" data-reference=\"1 Ts 4.3\" data-version=\"nvi\" data-purpose=\"bible-reference\">1\u00aa Tesalonicenses 4:3<\/a>; <a class=\"rtBibleRef\" href=\"https:\/\/biblia.com\/bible\/nvi\/Jud%207?culture=es\" target=\"_blank\" rel=\"noopener\" data-reference=\"Jud 7\" data-version=\"nvi\" data-purpose=\"bible-reference\">Judas 7<\/a>). La Biblia promueve la abstinencia antes del matrimonio. El sexo antes del matrimonio es tan malo como el adulterio y otras formas de inmoralidad sexual, porque todos ellos involucran tener sexo con alguien con quien no se est\u00e1 casado. El sexo entre un esposo y su esposa es la \u00fanica forma de relaci\u00f3n sexual que Dios aprueba (<a class=\"rtBibleRef\" href=\"https:\/\/biblia.com\/bible\/nvi\/Heb%2013.4?culture=es\" target=\"_blank\" rel=\"noopener\" data-reference=\"Heb 13.4\" data-version=\"nvi\" data-purpose=\"bible-reference\">Hebreos 13:4<\/a>).<\/p>\n<p>El sexo antes del matrimonio se ha vuelto tan com\u00fan por muchas razones. A menudo nos concentramos en el aspecto de \u201crecreaci\u00f3n\u201d del sexo, sin reconocer el aspecto de \u201cre-creaci\u00f3n\u201d. S\u00ed, el sexo es agradable. Dios lo dise\u00f1\u00f3 de esa manera. El quiere que los hombres y las mujeres disfruten de la actividad sexual (dentro de los l\u00edmites del matrimonio). Sin embargo, el prop\u00f3sito primario del sexo no es el placer, sino m\u00e1s bien la reproducci\u00f3n. Dios no declar\u00f3 ilegal el sexo fuera del matrimonio para quitarnos el placer, sino para protegernos de embarazos no deseados y de ni\u00f1os nacidos de padres que no los desean o no est\u00e1n preparados para ellos. Imag\u00ednense cu\u00e1n mejor ser\u00eda nuestro mundo si fuera seguido el patr\u00f3n de Dios para el sexo: menos transmisi\u00f3n de enfermedades sexuales, menos madres solteras, menos embarazos no deseados, menos abortos, etc. La abstinencia es la \u00fanica norma de conducta de Dios cuando se trata del sexo antes del matrimonio. La abstinencia salva vidas, protege a los beb\u00e9s, da el valor adecuado a las relaciones sexuales, y lo m\u00e1s importante, honra a Dios.<\/p>\n<p><a class=\"rtBibleRef\" href=\"https:\/\/biblia.com\/bible\/nvi\/Efe%205.3?culture=es\" target=\"_blank\" rel=\"noopener\" data-reference=\"Efe 5.3\" data-version=\"nvi\" data-purpose=\"bible-reference\">Efesios 5:3<\/a> nos dice, \u201cPero fornicaci\u00f3n y toda inmundicia,&#8230;. ni aun se nombre entre vosotros, como conviene a santos.\u201d Cualquier cosa que a\u00fan \u201csugiera\u201d inmoralidad sexual, es inapropiada para un cristiano. La Biblia no nos da una \u201clista\u201d de lo que califica como una \u201csugerencia\u201d o nos dice espec\u00edficamente las actividades f\u00edsicas aprobadas que una pareja pueda hacer antes del matrimonio. Sin embargo, s\u00f3lo porque la Biblia no se\u00f1ala espec\u00edficamente este punto \u2013 no significa que Dios apruebe la actividad sexual \u201cpre-matrimonial\u201d. Esencialmente, la \u201cestimulaci\u00f3n er\u00f3tica\u201d tiene el prop\u00f3sito de \u201cprepararte\u201d para el sexo. Entonces, l\u00f3gicamente, este tipo de \u201cestimulaci\u00f3n\u201d debe ser restringida \u00fanicamente a las parejas casadas. Cualquier cosa que pueda ser considerada como \u201cexcitaci\u00f3n er\u00f3tica\u201d debe ser evitada antes del matrimonio (no es necesario ser tan espec\u00edficos aqu\u00ed).<\/p>\n<p>Cualquiera y todas las actividades sexuales deben estar restringidas a las parejas casadas. \u00bfQu\u00e9 puede hacer una pareja que a\u00fan no est\u00e1 casada? Una pareja a\u00fan soltera debe evitar cualquier actividad que los provoque hacia el sexo, que d\u00e9 la apariencia de inmoralidad, o que pueda ser considerada como \u201cestimulaci\u00f3n er\u00f3tica\u201d. Yo, personalmente, aconsejar\u00eda seriamente a una pareja que no vaya m\u00e1s all\u00e1 de tomarse las manos, abrazarse y besarse muy ligeramente antes del matrimonio. Para una pareja casada, entre m\u00e1s tengan para compartir exclusivamente entre ellos, har\u00e1 que su relaci\u00f3n sexual en el matrimonio llegue a ser m\u00e1s especial y \u00fanica.<\/p>","protected":false},"excerpt":{"rendered":"<p>Junto con todos los otros tipos de inmoralidad sexual, el sexo antes del matrimonio \/ las relaciones prematrimoniales son condenados repetidamente en la Escritura (Hechos [&hellip;] <span class=\"read-more-link\"><a class=\"read-more\" href=\"https:\/\/findlife.org\/es\/sex-marriage\/premarital-sex\/\">Read More<\/a><\/span><\/p>\n","protected":false},"author":1,"featured_media":0,"parent":24,"menu_order":0,"comment_status":"closed","ping_status":"closed","template":"","meta":{"_monsterinsights_skip_tracking":false,"_monsterinsights_sitenote_active":false,"_monsterinsights_sitenote_note":"","_monsterinsights_sitenote_category":0,"footnotes":""},"class_list":["post-48","page","type-page","status-publish","hentry"],"_links":{"self":[{"href":"https:\/\/findlife.org\/es\/wp-json\/wp\/v2\/pages\/48","targetHints":{"allow":["GET"]}}],"collection":[{"href":"https:\/\/findlife.org\/es\/wp-json\/wp\/v2\/pages"}],"about":[{"href":"https:\/\/findlife.org\/es\/wp-json\/wp\/v2\/types\/page"}],"author":[{"embeddable":true,"href":"https:\/\/findlife.org\/es\/wp-json\/wp\/v2\/users\/1"}],"replies":[{"embeddable":true,"href":"https:\/\/findlife.org\/es\/wp-json\/wp\/v2\/comments?post=48"}],"version-history":[{"count":1,"href":"https:\/\/findlife.org\/es\/wp-json\/wp\/v2\/pages\/48\/revisions"}],"predecessor-version":[{"id":49,"href":"https:\/\/findlife.org\/es\/wp-json\/wp\/v2\/pages\/48\/revisions\/49"}],"up":[{"embeddable":true,"href":"https:\/\/findlife.org\/es\/wp-json\/wp\/v2\/pages\/24"}],"wp:attachment":[{"href":"https:\/\/findlife.org\/es\/wp-json\/wp\/v2\/media?parent=48"}],"curies":[{"name":"wp","href":"https:\/\/api.w.org\/{rel}","templated":true}]}}