{"id":45,"date":"2018-02-06T17:35:02","date_gmt":"2018-02-06T17:35:02","guid":{"rendered":"http:\/\/findlife.org\/?page_id=45"},"modified":"2018-02-06T17:35:02","modified_gmt":"2018-02-06T17:35:02","slug":"interracial-marriage","status":"publish","type":"page","link":"https:\/\/findlife.org\/es\/sex-marriage\/interracial-marriage\/","title":{"rendered":"Matrimonio Interracial"},"content":{"rendered":"<p>La ley del Antiguo Testamento ordenaba a los israelitas no comprometerse en un matrimonio interracial (<a class=\"rtBibleRef\" href=\"https:\/\/biblia.com\/bible\/nvi\/Deut%207.3-4?culture=es\" target=\"_blank\" rel=\"noopener\" data-reference=\"Deut 7.3-4\" data-version=\"nvi\" data-purpose=\"bible-reference\">Deuteronomio 7:3-4<\/a>). La raz\u00f3n era que los israelitas ser\u00edan desviados de en pos de Dios si se casaban con adoradores de \u00eddolos, paganos, o b\u00e1rbaros. Un principio similar se expone en el Nuevo Testamento, pero a un nivel muy diferente. \u201cNo os un\u00e1is en yugo desigual con los incr\u00e9dulos; porque \u00bfqu\u00e9 compa\u00f1erismo tiene la justicia con la injusticia? \u00bfY qu\u00e9 comuni\u00f3n la luz con las tinieblas? (<a class=\"rtBibleRef\" href=\"https:\/\/biblia.com\/bible\/nvi\/2%20Cor%206.14?culture=es\" target=\"_blank\" rel=\"noopener\" data-reference=\"2 Cor 6.14\" data-version=\"nvi\" data-purpose=\"bible-reference\">2\u00aa Corintios 6:14<\/a>). Es justo como a los Israelitas (creyentes en el \u00fanico Dios verdadero), que se les orden\u00f3 que no se casaran con incr\u00e9dulos. La respuesta a esta pregunta, espec\u00edficamente es no, la Biblia no dice que el matrimonio interracial est\u00e1 mal.<\/p>\n<p>Una persona deber\u00eda ser juzgada por su naturaleza, no por el color de la piel. Todos deber\u00edamos ser cuidadosos de no mostrar favoritismos, tampoco ser prejuiciosos o racistas con otros (<a class=\"rtBibleRef\" href=\"https:\/\/biblia.com\/bible\/nvi\/Sant%202.1-10?culture=es\" target=\"_blank\" rel=\"noopener\" data-reference=\"Sant 2.1-10\" data-version=\"nvi\" data-purpose=\"bible-reference\">Santiago 2:1-10<\/a>, vea especialmente los vers\u00edculos 1 y 9). El est\u00e1ndar de un hombre o una mujer cristianos para seleccionar un compa\u00f1ero, siempre deber\u00eda ser tomar en cuenta si la persona en la que est\u00e1n interesados es cristiana (<a class=\"rtBibleRef\" href=\"https:\/\/biblia.com\/bible\/nvi\/2%20Cor%206.14?culture=es\" target=\"_blank\" rel=\"noopener\" data-reference=\"2 Cor 6.14\" data-version=\"nvi\" data-purpose=\"bible-reference\">2\u00aa Corintios 6:14<\/a>), alguien nacida de nuevo por la fe en Jesucristo (<a class=\"rtBibleRef\" href=\"https:\/\/biblia.com\/bible\/nvi\/Juan%203.3-5?culture=es\" target=\"_blank\" rel=\"noopener\" data-reference=\"Juan 3.3-5\" data-version=\"nvi\" data-purpose=\"bible-reference\">Juan 3:3-5<\/a>). El est\u00e1ndar b\u00edblico para escoger un c\u00f3nyuge es la fe en Cristo, no el color de la piel. El matrimonio interracial no es cuesti\u00f3n de decir que esto es correcto o err\u00f3neo, sino que es un asunto de sabidur\u00eda, discernimiento y oraci\u00f3n.<\/p>\n<p>La \u00fanica raz\u00f3n por la que el matrimonio interracial deber\u00eda ser considerado cuidadosamente, es por las dificultades que podr\u00eda experimentar una pareja de razas diferentes, a causa del grado de aceptaci\u00f3n de parte de los que le rodean. Muchas parejas interraciales experimentan discriminaci\u00f3n y burla, a veces a\u00fan de sus propias familias. Algunas parejas interraciales experimentan dificultades cuando sus hijos tienen tonos de piel diferentes al de los padres y\/o hermanos. Una pareja interracial necesita tomar en consideraci\u00f3n estas cosas y estar preparada, antes de tomar la decisi\u00f3n de casarse. Nuevamente, la \u00fanica restricci\u00f3n b\u00edblica puesta sobre un cristiano con respecto al matrimonio, es si la otra persona es un miembro del Cuerpo de Cristo.<\/p>","protected":false},"excerpt":{"rendered":"<p>La ley del Antiguo Testamento ordenaba a los israelitas no comprometerse en un matrimonio interracial (Deuteronomio 7:3-4). La raz\u00f3n era que los israelitas ser\u00edan desviados [&hellip;] <span class=\"read-more-link\"><a class=\"read-more\" href=\"https:\/\/findlife.org\/es\/sex-marriage\/interracial-marriage\/\">Read More<\/a><\/span><\/p>\n","protected":false},"author":1,"featured_media":0,"parent":24,"menu_order":0,"comment_status":"closed","ping_status":"closed","template":"","meta":{"_monsterinsights_skip_tracking":false,"_monsterinsights_sitenote_active":false,"_monsterinsights_sitenote_note":"","_monsterinsights_sitenote_category":0,"footnotes":""},"class_list":["post-45","page","type-page","status-publish","hentry"],"_links":{"self":[{"href":"https:\/\/findlife.org\/es\/wp-json\/wp\/v2\/pages\/45","targetHints":{"allow":["GET"]}}],"collection":[{"href":"https:\/\/findlife.org\/es\/wp-json\/wp\/v2\/pages"}],"about":[{"href":"https:\/\/findlife.org\/es\/wp-json\/wp\/v2\/types\/page"}],"author":[{"embeddable":true,"href":"https:\/\/findlife.org\/es\/wp-json\/wp\/v2\/users\/1"}],"replies":[{"embeddable":true,"href":"https:\/\/findlife.org\/es\/wp-json\/wp\/v2\/comments?post=45"}],"version-history":[{"count":1,"href":"https:\/\/findlife.org\/es\/wp-json\/wp\/v2\/pages\/45\/revisions"}],"predecessor-version":[{"id":46,"href":"https:\/\/findlife.org\/es\/wp-json\/wp\/v2\/pages\/45\/revisions\/46"}],"up":[{"embeddable":true,"href":"https:\/\/findlife.org\/es\/wp-json\/wp\/v2\/pages\/24"}],"wp:attachment":[{"href":"https:\/\/findlife.org\/es\/wp-json\/wp\/v2\/media?parent=45"}],"curies":[{"name":"wp","href":"https:\/\/api.w.org\/{rel}","templated":true}]}}