{"id":42,"date":"2018-02-06T17:28:39","date_gmt":"2018-02-06T17:28:39","guid":{"rendered":"http:\/\/findlife.org\/?page_id=42"},"modified":"2018-02-06T17:28:39","modified_gmt":"2018-02-06T17:28:39","slug":"is-jesus-god","status":"publish","type":"page","link":"https:\/\/findlife.org\/es\/god\/is-jesus-god\/","title":{"rendered":"\u00bfEs Jes\u00fas Dios?"},"content":{"rendered":"<p>En la Biblia, no hay un registro de Jes\u00fas diciendo las palabras precisas, \u201cYo soy Dios.\u201d Sin embargo, eso no significa que El no proclam\u00f3 ser Dios. Tome por ejemplo, las palabras de Jes\u00fas en\u00a0<a class=\"rtBibleRef\" href=\"https:\/\/biblia.com\/bible\/nvi\/Juan%2010.30?culture=es\" target=\"_blank\" rel=\"noopener\" data-reference=\"Juan 10.30\" data-version=\"nvi\" data-purpose=\"bible-reference\">Juan 10:30<\/a>, \u201cYo y el Padre uno somos\u201d. A simple vista, esto no parecer\u00eda ser una afirmaci\u00f3n de ser Dios. Sin embargo, escuche la reacci\u00f3n de los jud\u00edos a Su declaraci\u00f3n, \u201cPor buena obra no te apedreamos, sino por la blasfemia; porque t\u00fa, siendo hombre, te haces Dios\u201d (<a class=\"rtBibleRef\" href=\"https:\/\/biblia.com\/bible\/nvi\/Juan%2010.33?culture=es\" target=\"_blank\" rel=\"noopener\" data-reference=\"Juan 10.33\" data-version=\"nvi\" data-purpose=\"bible-reference\">Juan 10:33<\/a>). Los jud\u00edos entendieron la declaraci\u00f3n de Jes\u00fas al afirmar ser Dios. En los vers\u00edculos siguientes, Jes\u00fas nunca los corrige dici\u00e9ndoles, \u201cYo no afirm\u00e9 ser Dios\u201d. Eso indica que Jes\u00fas realmente estaba diciendo que era Dios al declarar, \u201cYo y el Padre uno somos\u201d (<a class=\"rtBibleRef\" href=\"https:\/\/biblia.com\/bible\/nvi\/Juan%2010.30?culture=es\" target=\"_blank\" rel=\"noopener\" data-reference=\"Juan 10.30\" data-version=\"nvi\" data-purpose=\"bible-reference\">Juan 10:30<\/a>).\u00a0<a class=\"rtBibleRef\" href=\"https:\/\/biblia.com\/bible\/nvi\/Juan%208.58?culture=es\" target=\"_blank\" rel=\"noopener\" data-reference=\"Juan 8.58\" data-version=\"nvi\" data-purpose=\"bible-reference\">Juan 8:58<\/a>\u00a0es otro ejemplo. Jes\u00fas les dijo \u201cDe cierto, de cierto os digo: antes que Abraham fuese, yo soy\u201d. Nuevamente, en respuesta, los jud\u00edos tomaron piedras para arroj\u00e1rselas (<a class=\"rtBibleRef\" href=\"https:\/\/biblia.com\/bible\/nvi\/Juan%208.59?culture=es\" target=\"_blank\" rel=\"noopener\" data-reference=\"Juan 8.59\" data-version=\"nvi\" data-purpose=\"bible-reference\">Juan 8:59<\/a>). \u00bfPor qu\u00e9 los jud\u00edos querr\u00edan apedrear a Jes\u00fas, si El no hubiera dicho algo que ellos cre\u00edan era una blasfemia, concretamente, una afirmaci\u00f3n de ser Dios?<\/p>\n<p><a class=\"rtBibleRef\" href=\"https:\/\/biblia.com\/bible\/nvi\/Juan%201.1?culture=es\" target=\"_blank\" rel=\"noopener\" data-reference=\"Juan 1.1\" data-version=\"nvi\" data-purpose=\"bible-reference\">Juan 1:1<\/a>\u00a0dice que \u201cEl Verbo era Dios\u201d.\u00a0<a class=\"rtBibleRef\" href=\"https:\/\/biblia.com\/bible\/nvi\/Juan%201.14?culture=es\" target=\"_blank\" rel=\"noopener\" data-reference=\"Juan 1.14\" data-version=\"nvi\" data-purpose=\"bible-reference\">Juan 1:14<\/a>\u00a0dice que \u201cAquel Verbo fue hecho carne\u201d. Esto indica claramente que Jes\u00fas es Dios en la carne.\u00a0<a class=\"rtBibleRef\" href=\"https:\/\/biblia.com\/bible\/nvi\/Hech%2020.28?culture=es\" target=\"_blank\" rel=\"noopener\" data-reference=\"Hech 20.28\" data-version=\"nvi\" data-purpose=\"bible-reference\">Hechos 20:28<\/a>\u00a0nos dice, \u201c\u2026 para apacentar la iglesia del Se\u00f1or, la cual \u00e9l gan\u00f3 por su propia sangre\u201d. \u00bfQui\u00e9n compr\u00f3 la iglesia con Su propia sangre? Jesucristo.\u00a0<a class=\"rtBibleRef\" href=\"https:\/\/biblia.com\/bible\/nvi\/Hech%2020.28?culture=es\" target=\"_blank\" rel=\"noopener\" data-reference=\"Hech 20.28\" data-version=\"nvi\" data-purpose=\"bible-reference\">Hechos 20:28<\/a>declara que Dios compr\u00f3 la iglesia con Su propia sangre. \u00a1Por tanto, Jes\u00fas es Dios!<\/p>\n<p>Con respecto a Jes\u00fas, Tom\u00e1s el disc\u00edpulo declar\u00f3, \u201cSe\u00f1or m\u00edo, y Dios m\u00edo\u201d (<a class=\"rtBibleRef\" href=\"https:\/\/biblia.com\/bible\/nvi\/Juan%2020.28?culture=es\" target=\"_blank\" rel=\"noopener\" data-reference=\"Juan 20.28\" data-version=\"nvi\" data-purpose=\"bible-reference\">Juan 20:28<\/a>). Jes\u00fas no lo corrigi\u00f3.\u00a0<a class=\"rtBibleRef\" href=\"https:\/\/biblia.com\/bible\/nvi\/Tit%202.13?culture=es\" target=\"_blank\" rel=\"noopener\" data-reference=\"Tit 2.13\" data-version=\"nvi\" data-purpose=\"bible-reference\">Tito 2:13<\/a>\u00a0nos anima a esperar la venida de nuestro Dios y Salvador \u2013 Jesucristo (vea tambi\u00e9n\u00a0<a class=\"rtBibleRef\" href=\"https:\/\/biblia.com\/bible\/nvi\/2%20Ped%201.1?culture=es\" target=\"_blank\" rel=\"noopener\" data-reference=\"2 Ped 1.1\" data-version=\"nvi\" data-purpose=\"bible-reference\">2\u00aa Pedro 1:1<\/a>). En\u00a0<a class=\"rtBibleRef\" href=\"https:\/\/biblia.com\/bible\/nvi\/Heb%201.8?culture=es\" target=\"_blank\" rel=\"noopener\" data-reference=\"Heb 1.8\" data-version=\"nvi\" data-purpose=\"bible-reference\">Hebreos 1:8<\/a>, el Padre declara de Jes\u00fas, \u201cMas del Hijo dice: Tu trono, oh Dios, por el siglo del siglo; cetro de equidad es el cetro de tu reino.\u201d<\/p>\n<p>En Apocalipsis, un \u00e1ngel orden\u00f3 al Ap\u00f3stol Juan adorar solamente a Dios (<a class=\"rtBibleRef\" href=\"https:\/\/biblia.com\/bible\/nvi\/Apoc%2019.10?culture=es\" target=\"_blank\" rel=\"noopener\" data-reference=\"Apoc 19.10\" data-version=\"nvi\" data-purpose=\"bible-reference\">Apocalipsis 19:10<\/a>). En algunas ocasiones en la Escritura, Jes\u00fas recibe adoraci\u00f3n (<a class=\"rtBibleRef\" href=\"https:\/\/biblia.com\/bible\/nvi\/Mat%202.11?culture=es\" target=\"_blank\" rel=\"noopener\" data-reference=\"Mat 2.11\" data-version=\"nvi\" data-purpose=\"bible-reference\">Mateo 2:11<\/a>;\u00a0<a class=\"rtBibleRef\" href=\"https:\/\/biblia.com\/bible\/nvi\/Mateo%2014.33?culture=es\" target=\"_blank\" rel=\"noopener\" data-reference=\"Mateo 14.33\" data-version=\"nvi\" data-purpose=\"bible-reference\">14:33<\/a>;\u00a0<a class=\"rtBibleRef\" href=\"https:\/\/biblia.com\/bible\/nvi\/Mateo%2028.9?culture=es\" target=\"_blank\" rel=\"noopener\" data-reference=\"Mateo 28.9\" data-version=\"nvi\" data-purpose=\"bible-reference\">28:9<\/a>,<a class=\"rtBibleRef\" href=\"https:\/\/biblia.com\/bible\/nvi\/Mateo%2028.17?culture=es\" target=\"_blank\" rel=\"noopener\" data-reference=\"Mateo 28.17\" data-version=\"nvi\" data-purpose=\"bible-reference\">17<\/a>;\u00a0<a class=\"rtBibleRef\" href=\"https:\/\/biblia.com\/bible\/nvi\/Luc%2024.52?culture=es\" target=\"_blank\" rel=\"noopener\" data-reference=\"Luc 24.52\" data-version=\"nvi\" data-purpose=\"bible-reference\">Lucas 24:52<\/a>;\u00a0<a class=\"rtBibleRef\" href=\"https:\/\/biblia.com\/bible\/nvi\/Juan%209.38?culture=es\" target=\"_blank\" rel=\"noopener\" data-reference=\"Juan 9.38\" data-version=\"nvi\" data-purpose=\"bible-reference\">Juan 9:38<\/a>). El nunca reprendi\u00f3 a la gente por adorarle. Si Jes\u00fas no fuera Dios, El hubiera dicho a la gente que no le adoraran, justamente como lo hizo el \u00e1ngel en Apocalipsis. Hay muchos otros vers\u00edculos y pasajes de la Escritura que alegan la deidad de Jes\u00fas.<\/p>\n<p>La raz\u00f3n m\u00e1s importante para decir que Jes\u00fas tiene que ser Dios, es que si El no es Dios, Su muerte no habr\u00eda sido suficiente para pagar la penalidad por los pecados de todo el mundo (<a class=\"rtBibleRef\" href=\"https:\/\/biblia.com\/bible\/nvi\/1%20Jn%202.2?culture=es\" target=\"_blank\" rel=\"noopener\" data-reference=\"1 Jn 2.2\" data-version=\"nvi\" data-purpose=\"bible-reference\">1\u00aa Juan 2:2<\/a>). Solamente Dios pudo pagar tal penalidad infinita. Solamente Dios pudo tomar los pecados del mundo (<a class=\"rtBibleRef\" href=\"https:\/\/biblia.com\/bible\/nvi\/2%20Cor%205.21?culture=es\" target=\"_blank\" rel=\"noopener\" data-reference=\"2 Cor 5.21\" data-version=\"nvi\" data-purpose=\"bible-reference\">2\u00aa Corintios 5:21<\/a>), morir, y resucitar &#8211; probando Su victoria sobre el pecado y la muerte.<\/p>","protected":false},"excerpt":{"rendered":"<p>En la Biblia, no hay un registro de Jes\u00fas diciendo las palabras precisas, \u201cYo soy Dios.\u201d Sin embargo, eso no significa que El no proclam\u00f3 [&hellip;] <span class=\"read-more-link\"><a class=\"read-more\" href=\"https:\/\/findlife.org\/es\/god\/is-jesus-god\/\">Read More<\/a><\/span><\/p>\n","protected":false},"author":1,"featured_media":0,"parent":8,"menu_order":0,"comment_status":"closed","ping_status":"closed","template":"","meta":{"_monsterinsights_skip_tracking":false,"_monsterinsights_sitenote_active":false,"_monsterinsights_sitenote_note":"","_monsterinsights_sitenote_category":0,"footnotes":""},"class_list":["post-42","page","type-page","status-publish","hentry"],"_links":{"self":[{"href":"https:\/\/findlife.org\/es\/wp-json\/wp\/v2\/pages\/42","targetHints":{"allow":["GET"]}}],"collection":[{"href":"https:\/\/findlife.org\/es\/wp-json\/wp\/v2\/pages"}],"about":[{"href":"https:\/\/findlife.org\/es\/wp-json\/wp\/v2\/types\/page"}],"author":[{"embeddable":true,"href":"https:\/\/findlife.org\/es\/wp-json\/wp\/v2\/users\/1"}],"replies":[{"embeddable":true,"href":"https:\/\/findlife.org\/es\/wp-json\/wp\/v2\/comments?post=42"}],"version-history":[{"count":1,"href":"https:\/\/findlife.org\/es\/wp-json\/wp\/v2\/pages\/42\/revisions"}],"predecessor-version":[{"id":43,"href":"https:\/\/findlife.org\/es\/wp-json\/wp\/v2\/pages\/42\/revisions\/43"}],"up":[{"embeddable":true,"href":"https:\/\/findlife.org\/es\/wp-json\/wp\/v2\/pages\/8"}],"wp:attachment":[{"href":"https:\/\/findlife.org\/es\/wp-json\/wp\/v2\/media?parent=42"}],"curies":[{"name":"wp","href":"https:\/\/api.w.org\/{rel}","templated":true}]}}