{"id":39,"date":"2018-02-06T17:24:21","date_gmt":"2018-02-06T17:24:21","guid":{"rendered":"http:\/\/findlife.org\/?page_id=39"},"modified":"2018-02-06T17:24:21","modified_gmt":"2018-02-06T17:24:21","slug":"who-is-jesus","status":"publish","type":"page","link":"https:\/\/findlife.org\/es\/god\/who-is-jesus\/","title":{"rendered":"\u00bfQui\u00e9n es Jesucristo?"},"content":{"rendered":"<p>A diferencia de la pregunta, \u201c<a href=\"http:\/\/findlife.org\/god\/does-god-exist\/\">\u00bfExiste Dios?<\/a>\u201d, muy poca gente se ha cuestionado si Jesucristo existi\u00f3. Generalmente se acepta que Jes\u00fas verdaderamente fue un hombre que camin\u00f3 sobre la tierra de Israel, hace m\u00e1s o menos dos mil a\u00f1os. El debate comienza cuando se analiza el tema de la identidad completa de Jes\u00fas. La mayor\u00eda de religiones principales ense\u00f1an que Jes\u00fas fue un profeta, o un buen maestro, o un hombre devoto. El asunto es el siguiente, la Biblia nos dice que Jes\u00fas fue infinitamente m\u00e1s que un profeta, un buen maestro, o un hombre devoto.<\/p>\n<p>C. S. Lewis en su libro Mero Cristianismo escribe lo siguiente: \u201cAqu\u00ed estoy tratando de prevenir a quienquiera, de cometer la verdadera insensatez que a menudo se comete al decir de \u00c9l, es decir de Jesucristo lo siguiente: \u2018Estoy listo para aceptar a Jes\u00fas como un gran maestro moral, pero no acepto su afirmaci\u00f3n de ser Dios\u2019. Esa es una de las cosas que no deber\u00edamos decir. Un hombre que era simplemente un hombre, y que dec\u00eda toda clase de cosas, s\u00f3lo por decir, no aplica a un gran maestro moral como Jes\u00fas. O era un lun\u00e1tico \u2013 o un hombre ambiguo \u2013 o el mismo Demonio del Infierno. Usted debe hacer su elecci\u00f3n. Este hombre fue y es el Hijo de Dios, o de lo contrario, fue un loco o algo peor\u2026 Usted puede hacerlo callar por tonto, puede escupirlo y matarlo como a un demonio; o puede caer a sus pies y llamarlo Se\u00f1or y Dios. Pero no seamos condescendientes con ninguna tonter\u00eda acerca de que era un gran maestro humano. \u00c9l no ha dejado esa opci\u00f3n abierta para nosotros. \u00c9l no tuvo esa intenci\u00f3n.\u201d<\/p>\n<p>Veamos ahora, \u00bfqui\u00e9n demandaba ser Jes\u00fas? \u00bfQui\u00e9n dice la Biblia que era \u00c9l? Primero, miremos las palabras de Jes\u00fas en\u00a0<a class=\"rtBibleRef\" href=\"https:\/\/biblia.com\/bible\/nvi\/Juan%2010.30?culture=es\" target=\"_blank\" rel=\"noopener\" data-reference=\"Juan 10.30\" data-version=\"nvi\" data-purpose=\"bible-reference\">Juan 10:30<\/a>, \u201cYo y el Padre uno somos\u201d. A primera vista, no parecer\u00eda afirmar ser Dios. Sin embargo, mire la reacci\u00f3n de los Jud\u00edos en Su declaraci\u00f3n, \u201cPor buena obra no te apedreamos, sino por la blasfemia; porque t\u00fa, siendo hombre, te haces Dios\u201d (<a class=\"rtBibleRef\" href=\"https:\/\/biblia.com\/bible\/nvi\/Juan%2010.33?culture=es\" target=\"_blank\" rel=\"noopener\" data-reference=\"Juan 10.33\" data-version=\"nvi\" data-purpose=\"bible-reference\">Juan 10:33<\/a>). En los siguientes vers\u00edculos, Jes\u00fas nunca corrige a los jud\u00edos dici\u00e9ndoles, \u201cYo no me hago Dios\u201d. Eso indica que Jes\u00fas verdaderamente estaba diciendo que era Dios al declarar, \u201cYo y el Padre uno somos\u201d (<a class=\"rtBibleRef\" href=\"https:\/\/biblia.com\/bible\/nvi\/Juan%2010.30?culture=es\" target=\"_blank\" rel=\"noopener\" data-reference=\"Juan 10.30\" data-version=\"nvi\" data-purpose=\"bible-reference\">Juan 10:30<\/a>).\u00a0<a class=\"rtBibleRef\" href=\"https:\/\/biblia.com\/bible\/nvi\/Juan%208.58?culture=es\" target=\"_blank\" rel=\"noopener\" data-reference=\"Juan 8.58\" data-version=\"nvi\" data-purpose=\"bible-reference\">Juan 8:58<\/a>\u00a0es otro ejemplo. Jes\u00fas proclam\u00f3, \u201c\u00a1De cierto, de cierto os digo: Antes que Abraham fuese, yo soy!\u201d Tomaron entonces piedras para arroj\u00e1rselas (<a class=\"rtBibleRef\" href=\"https:\/\/biblia.com\/bible\/nvi\/Juan%208.59?culture=es\" target=\"_blank\" rel=\"noopener\" data-reference=\"Juan 8.59\" data-version=\"nvi\" data-purpose=\"bible-reference\">Juan 8:59<\/a>). Jes\u00fas, anunciando Su identidad como \u201cYo soy\u201d es una aplicaci\u00f3n directa del nombre del Antiguo Testamento para Dios (<a class=\"rtBibleRef\" href=\"https:\/\/biblia.com\/bible\/nvi\/%C3%89xo%203.14?culture=es\" target=\"_blank\" rel=\"noopener\" data-reference=\"\u00c9xo 3.14\" data-version=\"nvi\" data-purpose=\"bible-reference\">\u00c9xodo 3:14<\/a>). Nuevamente, \u00bfpor qu\u00e9 los Jud\u00edos quer\u00edan apedrear a Jes\u00fas, si El no hab\u00eda dicho algo que ellos cre\u00edan era blasfemo, concretamente, una afirmaci\u00f3n de ser Dios?<\/p>\n<p><a class=\"rtBibleRef\" href=\"https:\/\/biblia.com\/bible\/nvi\/Juan%201.1?culture=es\" target=\"_blank\" rel=\"noopener\" data-reference=\"Juan 1.1\" data-version=\"nvi\" data-purpose=\"bible-reference\">Juan 1:1<\/a>\u00a0dice que \u201cel Verbo era Dios\u201d.\u00a0<a class=\"rtBibleRef\" href=\"https:\/\/biblia.com\/bible\/nvi\/Juan%201.14?culture=es\" target=\"_blank\" rel=\"noopener\" data-reference=\"Juan 1.14\" data-version=\"nvi\" data-purpose=\"bible-reference\">Juan 1:14<\/a>\u00a0dice que \u201caquel Verbo fue hecho carne\u201d. Esto indica claramente que Jes\u00fas es Dios en la carne. Tom\u00e1s el disc\u00edpulo de Jes\u00fas dijo, \u201cSe\u00f1or m\u00edo y Dios m\u00edo\u201d (<a class=\"rtBibleRef\" href=\"https:\/\/biblia.com\/bible\/nvi\/Juan%2020.28?culture=es\" target=\"_blank\" rel=\"noopener\" data-reference=\"Juan 20.28\" data-version=\"nvi\" data-purpose=\"bible-reference\">Juan 20:28<\/a>). Jes\u00fas no lo corrigi\u00f3. El Ap\u00f3stol Pablo lo describe como, \u201c\u2026nuestro gran Dios y Salvador Jesucristo\u201d (<a class=\"rtBibleRef\" href=\"https:\/\/biblia.com\/bible\/nvi\/Tit%202.13?culture=es\" target=\"_blank\" rel=\"noopener\" data-reference=\"Tit 2.13\" data-version=\"nvi\" data-purpose=\"bible-reference\">Tito 2:13<\/a>). El Ap\u00f3stol Pedro dice lo mismo, \u201c\u2026nuestro Dios y Salvador Jesucristo\u201d (<a class=\"rtBibleRef\" href=\"https:\/\/biblia.com\/bible\/nvi\/2%20Ped%201.1?culture=es\" target=\"_blank\" rel=\"noopener\" data-reference=\"2 Ped 1.1\" data-version=\"nvi\" data-purpose=\"bible-reference\">2\u00aa Pedro 1:1<\/a>). Tambi\u00e9n Dios el Padre es testigo de la completa identidad de Jes\u00fas, pero acerca del Hijo dice, \u201cTu trono, oh Dios, es eterno y para siempre; Cetro de justicia es el cetro de Tu reino\u201d. Las profec\u00edas de Cristo del Antiguo Testamento anuncian Su deidad, \u201cPorque un ni\u00f1o nos es nacido, hijo nos es dado y el principado sobre su hombro, y se llamar\u00e1 su nombre, Admirable, Consejero, Dios fuerte, Padre eterno, Pr\u00edncipe de paz.\u201d<\/p>\n<p>De manera que, como C. S. Lewis sostuvo, creer en Jes\u00fas como un buen maestro, no es una opci\u00f3n. Clara e innegablemente Jes\u00fas afirmaba ser Dios. Si El no es Dios, entonces es un mentiroso, y por tanto no es un profeta, un buen maestro o un hombre devoto. Al intentar explicar las palabras de Jes\u00fas, los \u201ceruditos\u201d modernos declaran que \u201cel verdadero Jes\u00fas hist\u00f3rico\u201d no dijo muchas de las cosas que la Biblia le atribuye. \u00bfQui\u00e9nes somos nosotros para debatir con la Palabra de Dios, referente a lo que dijo o no dijo Jes\u00fas? \u00bfC\u00f3mo puede un \u201cerudito\u201d que dista de Jes\u00fas dos mil a\u00f1os, tener una mejor percepci\u00f3n de lo que Jes\u00fas dijo o no, que la que tuvieron aquellos que vivieron, sirvieron y fueron ense\u00f1ados por Jes\u00fas mismo (<a class=\"rtBibleRef\" href=\"https:\/\/biblia.com\/bible\/nvi\/Juan%2014.26?culture=es\" target=\"_blank\" rel=\"noopener\" data-reference=\"Juan 14.26\" data-version=\"nvi\" data-purpose=\"bible-reference\">Juan 14:26<\/a>)?<\/p>\n<p>\u00bfPor qu\u00e9 es tan importante la pregunta acerca de la verdadera identidad de Jes\u00fas? \u00bfPor qu\u00e9 es importante que Jes\u00fas sea Dios o no? La raz\u00f3n m\u00e1s importante por la que Jes\u00fas tiene que ser Dios, es que si \u00c9l no es Dios, Su muerte no habr\u00eda sido suficiente para pagar la penalidad de los pecados de todo el mundo. (<a class=\"rtBibleRef\" href=\"https:\/\/biblia.com\/bible\/nvi\/1%20Jn%202.2?culture=es\" target=\"_blank\" rel=\"noopener\" data-reference=\"1 Jn 2.2\" data-version=\"nvi\" data-purpose=\"bible-reference\">1\u00aa Juan 2:2<\/a>). Solamente Dios pudo pagar tal penalidad infinita (<a class=\"rtBibleRef\" href=\"https:\/\/biblia.com\/bible\/nvi\/Rom%205.8?culture=es\" target=\"_blank\" rel=\"noopener\" data-reference=\"Rom 5.8\" data-version=\"nvi\" data-purpose=\"bible-reference\">Romanos 5:8<\/a>;\u00a0<a class=\"rtBibleRef\" href=\"https:\/\/biblia.com\/bible\/nvi\/2%20Cor%205.21?culture=es\" target=\"_blank\" rel=\"noopener\" data-reference=\"2 Cor 5.21\" data-version=\"nvi\" data-purpose=\"bible-reference\">2\u00aa Corintios 5:21<\/a>). Jes\u00fas ten\u00eda que ser Dios, a fin de que pudiera pagar nuestra deuda. Jes\u00fas tuvo que ser hombre para que pudiera morir. \u00a1La salvaci\u00f3n est\u00e1 disponible solamente a trav\u00e9s de la fe en Jesucristo! La deidad de Jes\u00fas es la raz\u00f3n por la que\u00a0El es el \u00fanico camino de salvaci\u00f3n. La deidad de Jes\u00fas es la raz\u00f3n por la que proclam\u00f3, \u201cYo soy el camino, y la verdad, y la vida; nadie viene la Padre, sino por m\u00ed\u201d (<a class=\"rtBibleRef\" href=\"https:\/\/biblia.com\/bible\/nvi\/Juan%2014.6?culture=es\" target=\"_blank\" rel=\"noopener\" data-reference=\"Juan 14.6\" data-version=\"nvi\" data-purpose=\"bible-reference\">Juan 14:6<\/a>).<\/p>","protected":false},"excerpt":{"rendered":"<p>A diferencia de la pregunta, \u201c\u00bfExiste Dios?\u201d, muy poca gente se ha cuestionado si Jesucristo existi\u00f3. Generalmente se acepta que Jes\u00fas verdaderamente fue un hombre [&hellip;] <span class=\"read-more-link\"><a class=\"read-more\" href=\"https:\/\/findlife.org\/es\/god\/who-is-jesus\/\">Read More<\/a><\/span><\/p>\n","protected":false},"author":1,"featured_media":0,"parent":8,"menu_order":0,"comment_status":"closed","ping_status":"closed","template":"","meta":{"_monsterinsights_skip_tracking":false,"_monsterinsights_sitenote_active":false,"_monsterinsights_sitenote_note":"","_monsterinsights_sitenote_category":0,"footnotes":""},"class_list":["post-39","page","type-page","status-publish","hentry"],"_links":{"self":[{"href":"https:\/\/findlife.org\/es\/wp-json\/wp\/v2\/pages\/39","targetHints":{"allow":["GET"]}}],"collection":[{"href":"https:\/\/findlife.org\/es\/wp-json\/wp\/v2\/pages"}],"about":[{"href":"https:\/\/findlife.org\/es\/wp-json\/wp\/v2\/types\/page"}],"author":[{"embeddable":true,"href":"https:\/\/findlife.org\/es\/wp-json\/wp\/v2\/users\/1"}],"replies":[{"embeddable":true,"href":"https:\/\/findlife.org\/es\/wp-json\/wp\/v2\/comments?post=39"}],"version-history":[{"count":1,"href":"https:\/\/findlife.org\/es\/wp-json\/wp\/v2\/pages\/39\/revisions"}],"predecessor-version":[{"id":40,"href":"https:\/\/findlife.org\/es\/wp-json\/wp\/v2\/pages\/39\/revisions\/40"}],"up":[{"embeddable":true,"href":"https:\/\/findlife.org\/es\/wp-json\/wp\/v2\/pages\/8"}],"wp:attachment":[{"href":"https:\/\/findlife.org\/es\/wp-json\/wp\/v2\/media?parent=39"}],"curies":[{"name":"wp","href":"https:\/\/api.w.org\/{rel}","templated":true}]}}