{"id":33,"date":"2018-02-06T14:05:34","date_gmt":"2018-02-06T14:05:34","guid":{"rendered":"http:\/\/findlife.org\/?page_id=33"},"modified":"2018-02-06T14:05:34","modified_gmt":"2018-02-06T14:05:34","slug":"lust","status":"publish","type":"page","link":"https:\/\/findlife.org\/es\/sex-marriage\/lust\/","title":{"rendered":"Lujuria"},"content":{"rendered":"<p>La mayor\u00eda de las palabras en la biblia que se traducen como \u00abconcupiscencia\u00bb significan \u00abun deseo apasionado\u00bb. Un fuerte deseo puede ser bueno o malo, dependiendo del objetivo de ese deseo y el motivo detr\u00e1s de \u00e9l. Dios cre\u00f3 el coraz\u00f3n humano con la capacidad para un deseo apasionado con el prop\u00f3sito de que lo anhelemos a \u00e9l y a su justicia (<a class=\"rtBibleRef\" href=\"https:\/\/biblia.com\/bible\/nvi\/Sal%2042.1-2?culture=es\" target=\"_blank\" rel=\"noopener\" data-reference=\"Sal 42.1-2\" data-version=\"nvi\" data-purpose=\"bible-reference\">Salmo 42:1-2<\/a>; <a class=\"rtBibleRef\" href=\"https:\/\/biblia.com\/bible\/nvi\/Salmo%2073.25?culture=es\" target=\"_blank\" rel=\"noopener\" data-reference=\"Salmo 73.25\" data-version=\"nvi\" data-purpose=\"bible-reference\">73:25<\/a>). Sin embargo, el concepto de \u00abconcupiscencia\u00bb generalmente ahora es asociado con un apasionado deseo por algo que Dios ha prohibido, y se ve la palabra como sin\u00f3nimo de deseo sexual o materialista.<\/p>\n<p><a class=\"rtBibleRef\" href=\"https:\/\/biblia.com\/bible\/nvi\/Sant%201.14-15?culture=es\" target=\"_blank\" rel=\"noopener\" data-reference=\"Sant 1.14-15\" data-version=\"nvi\" data-purpose=\"bible-reference\">Santiago 1:14-15<\/a> nos da la progresi\u00f3n natural del deseo o la concupiscencia desenfrenada: \u00absino que cada uno es tentado, cuando de su propia concupiscencia es atra\u00eddo y seducido. Entonces la concupiscencia, despu\u00e9s que ha concebido, da a luz el pecado; y el pecado, siendo consumado, da a luz la muerte\u00bb.<\/p>\n<p>Seg\u00fan este pasaje, el deseo o la concupiscencia pecaminosa comienzan con un deseo perverso. No es pecado el ser tentado por el mal. Jes\u00fas fue tentado (<a class=\"rtBibleRef\" href=\"https:\/\/biblia.com\/bible\/nvi\/Mat%204.1?culture=es\" target=\"_blank\" rel=\"noopener\" data-reference=\"Mat 4.1\" data-version=\"nvi\" data-purpose=\"bible-reference\">Mateo 4:1<\/a>). El pecado comienza cuando el deseo perverso \u00abnos arrastra\u00bb de donde nuestros corazones necesitan estar. Cuando un deseo perverso se presenta, tenemos una elecci\u00f3n. Podemos rechazarlo como lo hizo Jes\u00fas, y centrarnos nuevamente en el camino que Dios ha puesto delante nuestro (<a class=\"rtBibleRef\" href=\"https:\/\/biblia.com\/bible\/nvi\/Mat%204.10?culture=es\" target=\"_blank\" rel=\"noopener\" data-reference=\"Mat 4.10\" data-version=\"nvi\" data-purpose=\"bible-reference\">Mateo 4:10<\/a>), o podemos entretenerlo. Como alguien dijo una vez, \u00abno puedo evitar que las aves vuelen sobre mi cabeza, pero si puedo evitar que hagan nido en ella\u00bb. Cuando la tentaci\u00f3n nos atrae, debemos recordar que no estamos indefensos. Podemos optar por ceder o resistir.<\/p>\n<p>La raz\u00f3n por la que somos \u00abarrastrados\u00bb por la tentaci\u00f3n es que somos \u00abseducidos\u00bb. Esa palabra en griego se refiere a cebo, como en un anzuelo. Cuando un pez ve a la lombriz movi\u00e9ndose, es atra\u00eddo por ella y se sujeta. Una vez que el anzuelo est\u00e1 listo, se puede \u00abarrastrar\u00bb. Cuando nos encontramos con la tentaci\u00f3n, debemos rechazar inmediatamente como Jos\u00e9 lo hizo cuando fue tentado por la esposa de Potifar (<a class=\"rtBibleRef\" href=\"https:\/\/biblia.com\/bible\/nvi\/G%C3%A9n%2039.11-12?culture=es\" target=\"_blank\" rel=\"noopener\" data-reference=\"G\u00e9n 39.11-12\" data-version=\"nvi\" data-purpose=\"bible-reference\">G\u00e9nesis 39:11-12<\/a>). La duda abre la puerta a la tentaci\u00f3n. El nombre que <a class=\"rtBibleRef\" href=\"https:\/\/biblia.com\/bible\/nvi\/Rom%2013.14?culture=es\" target=\"_blank\" rel=\"noopener\" data-reference=\"Rom 13.14\" data-version=\"nvi\" data-purpose=\"bible-reference\">Romanos 13:14<\/a> le da a esa duda es \u00abproveer para los deseos de la carne\u00bb. As\u00ed como los incautos peces, nos agarramos del pensamiento tentador, creyendo que nos deleitar\u00e1 y saciar\u00e1. Saboreamos la fantas\u00eda, imaginamos escenarios nuevos y pecaminosos, y entretenemos la idea de que Dios no ha provisto todo lo que necesitamos para la felicidad (<a class=\"rtBibleRef\" href=\"https:\/\/biblia.com\/bible\/nvi\/G%C3%A9n%203.2-4?culture=es\" target=\"_blank\" rel=\"noopener\" data-reference=\"G\u00e9n 3.2-4\" data-version=\"nvi\" data-purpose=\"bible-reference\">G\u00e9nesis 3:2-4<\/a>). Esto es absurdo. <a class=\"rtBibleRef\" href=\"https:\/\/biblia.com\/bible\/nvi\/2%20Tim%202.22?culture=es\" target=\"_blank\" rel=\"noopener\" data-reference=\"2 Tim 2.22\" data-version=\"nvi\" data-purpose=\"bible-reference\">Segunda Timoteo 2:22<\/a> dice, \u00abHuye tambi\u00e9n de las pasiones juveniles. \u2026\u00bb. \u00abHuir\u00bb significa despegar inmediatamente. Jos\u00e9 no se qued\u00f3 ah\u00ed considerando sus opciones. \u00c9l reconoci\u00f3 la tentaci\u00f3n sexual y corri\u00f3. Cuando dudamos, hacemos provisi\u00f3n para la carne y le damos la oportunidad de elegir el mal. A menudo, nos vemos abrumados por su poder. Sans\u00f3n era un hombre fuerte f\u00edsicamente, pero no era compatible con su propia concupiscencia (<a class=\"rtBibleRef\" href=\"https:\/\/biblia.com\/bible\/nvi\/Jue%2016.1?culture=es\" target=\"_blank\" rel=\"noopener\" data-reference=\"Jue 16.1\" data-version=\"nvi\" data-purpose=\"bible-reference\">Jueces 16:1<\/a>).<\/p>\n<p>El siguiente paso en la progresi\u00f3n hacia abajo de la tentaci\u00f3n, seg\u00fan <a class=\"rtBibleRef\" href=\"https:\/\/biblia.com\/bible\/nvi\/Sant%201?culture=es\" target=\"_blank\" rel=\"noopener\" data-reference=\"Sant 1\" data-version=\"nvi\" data-purpose=\"bible-reference\">Santiago 1<\/a>, es que \u00abla concupiscencia concibe\u00bb. El deseo o concupiscencia comienza como una semilla, un pensamiento repleto de deseo equivocados. Si permitimos que las semillas de la concupiscencia germinen, ellos crecer\u00e1n en algo m\u00e1s grande, m\u00e1s poderoso, m\u00e1s dif\u00edcil de desarraigar. La tentaci\u00f3n se convierte en pecado cuando se permite que germine. El deseo adopta vida propia y se convierte en concupiscencia. Jes\u00fas dej\u00f3 claro que la concupiscencia es pecado, incluso si f\u00edsicamente no lo llevamos a cabo (<a class=\"rtBibleRef\" href=\"https:\/\/biblia.com\/bible\/nvi\/Mat%205.27-28?culture=es\" target=\"_blank\" rel=\"noopener\" data-reference=\"Mat 5.27-28\" data-version=\"nvi\" data-purpose=\"bible-reference\">Mateo 5:27-28<\/a>). Nuestros corazones son el campo de Dios, y cuando permitimos que la maldad crezca all\u00ed, profanamos su templo (<a class=\"rtBibleRef\" href=\"https:\/\/biblia.com\/bible\/nvi\/1%20Cor%203.16?culture=es\" target=\"_blank\" rel=\"noopener\" data-reference=\"1 Cor 3.16\" data-version=\"nvi\" data-purpose=\"bible-reference\">1 Corintios 3:16<\/a>; <a class=\"rtBibleRef\" href=\"https:\/\/biblia.com\/bible\/nvi\/1%20Corintios%206.19?culture=es\" target=\"_blank\" rel=\"noopener\" data-reference=\"1 Corintios 6.19\" data-version=\"nvi\" data-purpose=\"bible-reference\">6:19<\/a>).<\/p>\n<p>Los malos deseos asedian a cada ser humano. El d\u00e9cimo mandamiento proh\u00edbe la codicia, lo que significa el deseo por algo que no es nuestro (<a class=\"rtBibleRef\" href=\"https:\/\/biblia.com\/bible\/nvi\/Deut%205.21?culture=es\" target=\"_blank\" rel=\"noopener\" data-reference=\"Deut 5.21\" data-version=\"nvi\" data-purpose=\"bible-reference\">Deuteronomio 5:21<\/a>; <a class=\"rtBibleRef\" href=\"https:\/\/biblia.com\/bible\/nvi\/Rom%2013.9?culture=es\" target=\"_blank\" rel=\"noopener\" data-reference=\"Rom 13.9\" data-version=\"nvi\" data-purpose=\"bible-reference\">Romanos 13:9<\/a>). El coraz\u00f3n humano est\u00e1 buscando constantemente complacerse a s\u00ed mismo, y la concupiscencia comienza cuando descubre algo o alguien y cree que lo va a satisfacer.<\/p>\n<p>S\u00f3lo cuando nuestros corazones est\u00e1n dedicados a la gloria de Dios podemos vencer los deseos intrusos y conquistar la concupiscencia. Cuando nos rendimos al Se\u00f1or, nos damos cuenta que nuestras necesidades son suplidas en una relaci\u00f3n con \u00e9l. Debemos \u00abllevar cautivo todo pensamiento a la obediencia a Cristo\u00bb (<a class=\"rtBibleRef\" href=\"https:\/\/biblia.com\/bible\/nvi\/2%20Cor%2010.5?culture=es\" target=\"_blank\" rel=\"noopener\" data-reference=\"2 Cor 10.5\" data-version=\"nvi\" data-purpose=\"bible-reference\">2 Corintios 10:5<\/a>). Debemos permitir que el Esp\u00edritu Santo mantenga nuestros pensamientos donde \u00e9l quiere que est\u00e9n. Es de mucha ayuda el orar diariamente las palabras del <a class=\"rtBibleRef\" href=\"https:\/\/biblia.com\/bible\/nvi\/Sal%2019.14?culture=es\" target=\"_blank\" rel=\"noopener\" data-reference=\"Sal 19.14\" data-version=\"nvi\" data-purpose=\"bible-reference\">Salmo 19:14<\/a> \u00abSean gratos los dichos de mi boca y la meditaci\u00f3n de mi coraz\u00f3n delante de ti, Oh Jehov\u00e1, roca m\u00eda, y redentor m\u00edo\u00bb. Cuando el deseo de nuestro coraz\u00f3n es agradar a Dios m\u00e1s que a nosotros mismos, podemos mantener a raya a la concupiscencia.<\/p>","protected":false},"excerpt":{"rendered":"<p>La mayor\u00eda de las palabras en la biblia que se traducen como \u00abconcupiscencia\u00bb significan \u00abun deseo apasionado\u00bb. Un fuerte deseo puede ser bueno o malo, [&hellip;] <span class=\"read-more-link\"><a class=\"read-more\" href=\"https:\/\/findlife.org\/es\/sex-marriage\/lust\/\">Read More<\/a><\/span><\/p>\n","protected":false},"author":1,"featured_media":0,"parent":24,"menu_order":0,"comment_status":"closed","ping_status":"closed","template":"","meta":{"_monsterinsights_skip_tracking":false,"_monsterinsights_sitenote_active":false,"_monsterinsights_sitenote_note":"","_monsterinsights_sitenote_category":0,"footnotes":""},"class_list":["post-33","page","type-page","status-publish","hentry"],"_links":{"self":[{"href":"https:\/\/findlife.org\/es\/wp-json\/wp\/v2\/pages\/33","targetHints":{"allow":["GET"]}}],"collection":[{"href":"https:\/\/findlife.org\/es\/wp-json\/wp\/v2\/pages"}],"about":[{"href":"https:\/\/findlife.org\/es\/wp-json\/wp\/v2\/types\/page"}],"author":[{"embeddable":true,"href":"https:\/\/findlife.org\/es\/wp-json\/wp\/v2\/users\/1"}],"replies":[{"embeddable":true,"href":"https:\/\/findlife.org\/es\/wp-json\/wp\/v2\/comments?post=33"}],"version-history":[{"count":1,"href":"https:\/\/findlife.org\/es\/wp-json\/wp\/v2\/pages\/33\/revisions"}],"predecessor-version":[{"id":34,"href":"https:\/\/findlife.org\/es\/wp-json\/wp\/v2\/pages\/33\/revisions\/34"}],"up":[{"embeddable":true,"href":"https:\/\/findlife.org\/es\/wp-json\/wp\/v2\/pages\/24"}],"wp:attachment":[{"href":"https:\/\/findlife.org\/es\/wp-json\/wp\/v2\/media?parent=33"}],"curies":[{"name":"wp","href":"https:\/\/api.w.org\/{rel}","templated":true}]}}