{"id":31,"date":"2018-02-06T13:58:15","date_gmt":"2018-02-06T13:58:15","guid":{"rendered":"http:\/\/findlife.org\/?page_id=31"},"modified":"2018-02-06T13:58:15","modified_gmt":"2018-02-06T13:58:15","slug":"pornography","status":"publish","type":"page","link":"https:\/\/findlife.org\/es\/sex-marriage\/pornography\/","title":{"rendered":"Pornograf\u00eda"},"content":{"rendered":"<p>Por mucho, los temas m\u00e1s buscados en internet est\u00e1n relacionados con la pornograf\u00eda. La pornograf\u00eda est\u00e1 rampante en el mundo de hoy. Quiz\u00e1 m\u00e1s que cualquier cosa, Satan\u00e1s ha tenido \u00e9xito torciendo y pervirtiendo el sexo. El ha tomado lo que es bueno y justo (amor sexual entre esposo y esposa) y lo ha reemplazado con lujuria, pornograf\u00eda, adulterio, violaci\u00f3n y homosexualidad. La pornograf\u00eda es simplemente el primer paso en una resbaladiza pendiente de creciente vileza e inmoralidad (<a class=\"rtBibleRef\" href=\"https:\/\/biblia.com\/bible\/nvi\/Rom%206.19?culture=es\" target=\"_blank\" rel=\"noopener\" data-reference=\"Rom 6.19\" data-version=\"nvi\" data-purpose=\"bible-reference\">Romanos 6:19<\/a>). Al igual que con la drogadicci\u00f3n, en donde el usuario es llevado a consumir mayores y m\u00e1s poderosas cantidades de drogas, as\u00ed tambi\u00e9n la pornograf\u00eda arrastra a la persona dentro de arraigadas adicciones sexuales y deseos imp\u00edos.<\/p>\n<p>Las tres principales categor\u00edas del pecado son: \u201clos deseos de la carne, los deseos de los ojos, y la vanagloria de la vida.\u201d (<a class=\"rtBibleRef\" href=\"https:\/\/biblia.com\/bible\/nvi\/1%20Jn%202.16?culture=es\" target=\"_blank\" rel=\"noopener\" data-reference=\"1 Jn 2.16\" data-version=\"nvi\" data-purpose=\"bible-reference\">1 Juan 2:16<\/a>). La pornograf\u00eda definitivamente nos causa el codiciar las cosas de la carne, e indudablemente es lascivia para nuestros ojos. Definitivamente la pornograf\u00eda no califica como una de las cosas en las que debemos pensar, \u201cPor lo dem\u00e1s, hermanos, todo lo que es verdadero, todo lo honesto, todo lo justo, todo lo puro, todo lo amable, todo lo que es de buen nombre; si hay virtud alguna, si algo digno de alabanza, en esto pensad.\u201d (<a class=\"rtBibleRef\" href=\"https:\/\/biblia.com\/bible\/nvi\/Fil%204.8?culture=es\" target=\"_blank\" rel=\"noopener\" data-reference=\"Fil 4.8\" data-version=\"nvi\" data-purpose=\"bible-reference\">Filipenses 4:8<\/a>). La pornograf\u00eda es adictiva (<a class=\"rtBibleRef\" href=\"https:\/\/biblia.com\/bible\/nvi\/1%20Cor%206.12?culture=es\" target=\"_blank\" rel=\"noopener\" data-reference=\"1 Cor 6.12\" data-version=\"nvi\" data-purpose=\"bible-reference\">1 Corintios 6:12<\/a>; <a class=\"rtBibleRef\" href=\"https:\/\/biblia.com\/bible\/nvi\/2%20Ped%202.19?culture=es\" target=\"_blank\" rel=\"noopener\" data-reference=\"2 Ped 2.19\" data-version=\"nvi\" data-purpose=\"bible-reference\">2 Pedro 2:19<\/a>), destructiva (<a class=\"rtBibleRef\" href=\"https:\/\/biblia.com\/bible\/nvi\/Prov%206.25-28?culture=es\" target=\"_blank\" rel=\"noopener\" data-reference=\"Prov 6.25-28\" data-version=\"nvi\" data-purpose=\"bible-reference\">Proverbios 6:25-28<\/a>; <a class=\"rtBibleRef\" href=\"https:\/\/biblia.com\/bible\/nvi\/Eze%2020.30?culture=es\" target=\"_blank\" rel=\"noopener\" data-reference=\"Eze 20.30\" data-version=\"nvi\" data-purpose=\"bible-reference\">Ezequiel 20:30<\/a>; <a class=\"rtBibleRef\" href=\"https:\/\/biblia.com\/bible\/nvi\/Efe%204.19?culture=es\" target=\"_blank\" rel=\"noopener\" data-reference=\"Efe 4.19\" data-version=\"nvi\" data-purpose=\"bible-reference\">Efesios 4:19<\/a>), y conduce a una siempre creciente perversidad (<a class=\"rtBibleRef\" href=\"https:\/\/biblia.com\/bible\/nvi\/Rom%206.19?culture=es\" target=\"_blank\" rel=\"noopener\" data-reference=\"Rom 6.19\" data-version=\"nvi\" data-purpose=\"bible-reference\">Romanos 6:19<\/a>). El codiciar a otra gente en nuestras mentes (la esencia de la pornograf\u00eda) es ofensivo a Dios (<a class=\"rtBibleRef\" href=\"https:\/\/biblia.com\/bible\/nvi\/Mat%205.28?culture=es\" target=\"_blank\" rel=\"noopener\" data-reference=\"Mat 5.28\" data-version=\"nvi\" data-purpose=\"bible-reference\">Mateo 5:28<\/a>). Cuando la devoci\u00f3n habitual a la pornograf\u00eda caracteriza la conducta de una persona, eso demuestra que la tal persona no es salva (<a class=\"rtBibleRef\" href=\"https:\/\/biblia.com\/bible\/nvi\/1%20Cor%206.9?culture=es\" target=\"_blank\" rel=\"noopener\" data-reference=\"1 Cor 6.9\" data-version=\"nvi\" data-purpose=\"bible-reference\">1 Corintios 6:9<\/a>).<\/p>\n<p>\u00bfEst\u00e1s involucrado con la pornograf\u00eda y el deseo de librarte de ella? He aqu\u00ed algunos pasos a la victoria: (1) Confiesa tu pecado a Dios (<a class=\"rtBibleRef\" href=\"https:\/\/biblia.com\/bible\/nvi\/1%20Jn%201.9?culture=es\" target=\"_blank\" rel=\"noopener\" data-reference=\"1 Jn 1.9\" data-version=\"nvi\" data-purpose=\"bible-reference\">1 Juan 1:9<\/a>). (2) Ruega a Dios que limpie, renueve y transforme tu mente (<a class=\"rtBibleRef\" href=\"https:\/\/biblia.com\/bible\/nvi\/Rom%2012.2?culture=es\" target=\"_blank\" rel=\"noopener\" data-reference=\"Rom 12.2\" data-version=\"nvi\" data-purpose=\"bible-reference\">Romanos 12:2<\/a>). (3) Pide a Dios que llene tu mente con <a class=\"rtBibleRef\" href=\"https:\/\/biblia.com\/bible\/nvi\/Fil%204.8?culture=es\" target=\"_blank\" rel=\"noopener\" data-reference=\"Fil 4.8\" data-version=\"nvi\" data-purpose=\"bible-reference\">Filipenses 4:8<\/a>. (4) Aprende a guardar tu cuerpo en santidad (<a class=\"rtBibleRef\" href=\"https:\/\/biblia.com\/bible\/nvi\/1%20Ts%204.3-4?culture=es\" target=\"_blank\" rel=\"noopener\" data-reference=\"1 Ts 4.3-4\" data-version=\"nvi\" data-purpose=\"bible-reference\">1 Tesalonicenses 4:3-4<\/a>). (5) Comprende el significado apropiado del sexo y depende s\u00f3lo de tu esposa para satisfacer esa necesidad (<a class=\"rtBibleRef\" href=\"https:\/\/biblia.com\/bible\/nvi\/1%20Cor%207.1-5?culture=es\" target=\"_blank\" rel=\"noopener\" data-reference=\"1 Cor 7.1-5\" data-version=\"nvi\" data-purpose=\"bible-reference\">1 Corintios 7:1-5<\/a>) (6) Considera que si t\u00fa andas en el Esp\u00edritu, t\u00fa no satisfar\u00e1s los deseos de la carne (<a class=\"rtBibleRef\" href=\"https:\/\/biblia.com\/bible\/nvi\/G%C3%A1l%205.16?culture=es\" target=\"_blank\" rel=\"noopener\" data-reference=\"G\u00e1l 5.16\" data-version=\"nvi\" data-purpose=\"bible-reference\">G\u00e1latas 5:16<\/a>). (7) Toma pasos pr\u00e1cticos para reducir tu exposici\u00f3n a im\u00e1genes gr\u00e1ficas (por ej.: Instala bloqueadores de pornograf\u00eda en tu computadora, limita el uso de la televisi\u00f3n y videos, busca a otro cristiano que est\u00e9 orando por ti y que te ayude a mantenerte firme \u2013 (tu esposa, si eres casado).<\/p>","protected":false},"excerpt":{"rendered":"<p>Por mucho, los temas m\u00e1s buscados en internet est\u00e1n relacionados con la pornograf\u00eda. La pornograf\u00eda est\u00e1 rampante en el mundo de hoy. Quiz\u00e1 m\u00e1s que [&hellip;] <span class=\"read-more-link\"><a class=\"read-more\" href=\"https:\/\/findlife.org\/es\/sex-marriage\/pornography\/\">Read More<\/a><\/span><\/p>\n","protected":false},"author":1,"featured_media":0,"parent":24,"menu_order":0,"comment_status":"closed","ping_status":"closed","template":"","meta":{"_monsterinsights_skip_tracking":false,"_monsterinsights_sitenote_active":false,"_monsterinsights_sitenote_note":"","_monsterinsights_sitenote_category":0,"footnotes":""},"class_list":["post-31","page","type-page","status-publish","hentry"],"_links":{"self":[{"href":"https:\/\/findlife.org\/es\/wp-json\/wp\/v2\/pages\/31","targetHints":{"allow":["GET"]}}],"collection":[{"href":"https:\/\/findlife.org\/es\/wp-json\/wp\/v2\/pages"}],"about":[{"href":"https:\/\/findlife.org\/es\/wp-json\/wp\/v2\/types\/page"}],"author":[{"embeddable":true,"href":"https:\/\/findlife.org\/es\/wp-json\/wp\/v2\/users\/1"}],"replies":[{"embeddable":true,"href":"https:\/\/findlife.org\/es\/wp-json\/wp\/v2\/comments?post=31"}],"version-history":[{"count":1,"href":"https:\/\/findlife.org\/es\/wp-json\/wp\/v2\/pages\/31\/revisions"}],"predecessor-version":[{"id":32,"href":"https:\/\/findlife.org\/es\/wp-json\/wp\/v2\/pages\/31\/revisions\/32"}],"up":[{"embeddable":true,"href":"https:\/\/findlife.org\/es\/wp-json\/wp\/v2\/pages\/24"}],"wp:attachment":[{"href":"https:\/\/findlife.org\/es\/wp-json\/wp\/v2\/media?parent=31"}],"curies":[{"name":"wp","href":"https:\/\/api.w.org\/{rel}","templated":true}]}}