{"id":26,"date":"2018-02-06T05:23:48","date_gmt":"2018-02-06T05:23:48","guid":{"rendered":"http:\/\/findlife.org\/?page_id=26"},"modified":"2018-02-07T05:52:15","modified_gmt":"2018-02-07T05:52:15","slug":"homosexuality","status":"publish","type":"page","link":"https:\/\/findlife.org\/es\/sex-marriage\/homosexuality\/","title":{"rendered":"Homosexualidad"},"content":{"rendered":"<p>\u00bfQu\u00e9 dice la Biblia acerca de la homosexualidad?<\/p>\n<p>La Biblia, consistentemente nos dice que la actividad homosexual es pecado (<a class=\"rtBibleRef\" href=\"https:\/\/biblia.com\/bible\/nvi\/G%C3%A9n%2019.1-13?culture=es\" target=\"_blank\" rel=\"noopener\" data-reference=\"G\u00e9n 19.1-13\" data-version=\"nvi\" data-purpose=\"bible-reference\">G\u00e9nesis 19:1-13<\/a>; <a class=\"rtBibleRef\" href=\"https:\/\/biblia.com\/bible\/nvi\/Lev%2018.22?culture=es\" target=\"_blank\" rel=\"noopener\" data-reference=\"Lev 18.22\" data-version=\"nvi\" data-purpose=\"bible-reference\">Lev\u00edtico 18:22<\/a>; <a class=\"rtBibleRef\" href=\"https:\/\/biblia.com\/bible\/nvi\/Rom%201.26-27?culture=es\" target=\"_blank\" rel=\"noopener\" data-reference=\"Rom 1.26-27\" data-version=\"nvi\" data-purpose=\"bible-reference\">Romanos 1:26-27<\/a>; <a class=\"rtBibleRef\" href=\"https:\/\/biblia.com\/bible\/nvi\/1%20Cor%206.9?culture=es\" target=\"_blank\" rel=\"noopener\" data-reference=\"1 Cor 6.9\" data-version=\"nvi\" data-purpose=\"bible-reference\">1\u00aa Corintios 6:9<\/a>). <a class=\"rtBibleRef\" href=\"https:\/\/biblia.com\/bible\/nvi\/Rom%201.26-27?culture=es\" target=\"_blank\" rel=\"noopener\" data-reference=\"Rom 1.26-27\" data-version=\"nvi\" data-purpose=\"bible-reference\">Romanos 1:26-27<\/a> ense\u00f1a espec\u00edficamente, que la homosexualidad es el resultado de negar y desobedecer a Dios. La Biblia dice que cuando una persona contin\u00faa en pecado e incredulidad, Dios \u201clo entrega\u201d a\u00fan al pecado m\u00e1s malvado y depravado, a fin de mostrarle lo in\u00fatil y desesperado de la vida, al hallarse separado de Dios. <a class=\"rtBibleRef\" href=\"https:\/\/biblia.com\/bible\/nvi\/1%20Cor%206.9?culture=es\" target=\"_blank\" rel=\"noopener\" data-reference=\"1 Cor 6.9\" data-version=\"nvi\" data-purpose=\"bible-reference\">1\u00aa Corintios 6:9<\/a> proclama que los \u201ctransgresores\u201d homosexuales no heredar\u00e1n el reino de Dios.<\/p>\n<p>Dios no crea una persona con deseos homosexuales. Dice la Biblia, que una persona se vuelve un homosexual a causa del pecado (<a class=\"rtBibleRef\" href=\"https:\/\/biblia.com\/bible\/nvi\/Rom%201.24-27?culture=es\" target=\"_blank\" rel=\"noopener\" data-reference=\"Rom 1.24-27\" data-version=\"nvi\" data-purpose=\"bible-reference\">Romanos 1:24-27<\/a>), y definitivamente a causa de su propia elecci\u00f3n. Una persona puede haber nacido con una gran susceptibilidad hacia la homosexualidad, al igual que hay gente que ha nacido con una tendencia a la violencia y otros pecados. Eso no la disculpa de escoger pecar al ceder a sus deseos pecaminosos. \u00bfSi una persona naci\u00f3 con una gran susceptibilidad hacia el enojo\/c\u00f3lera, le da derecho a sucumbir a aquellos deseos? \u00a1Por supuesto que no! Es igual con la homosexualidad.<\/p>\n<p>Sin embargo, la Biblia no describe la homosexualidad como un \u201cpecado\u201d mayor que cualquier otro. Todo pecado es ofensivo hacia Dios. La homosexualidad es justamente uno de los muchos temas listados en <a class=\"rtBibleRef\" href=\"https:\/\/biblia.com\/bible\/nvi\/1%20Cor%206.9-10?culture=es\" target=\"_blank\" rel=\"noopener\" data-reference=\"1 Cor 6.9-10\" data-version=\"nvi\" data-purpose=\"bible-reference\">1\u00aa Corintios 6:9-10<\/a> que van a dejar a la persona fuera del reino de Dios. De acuerdo con la Biblia, el perd\u00f3n de Dios est\u00e1 disponible tanto para un homosexual, como para un ad\u00faltero, un adorador de \u00eddolos, un asesino, un ladr\u00f3n, etc. Dios tambi\u00e9n promete dar a todos aquellos que crean en Jesucristo para su salvaci\u00f3n, la fuerza para la victoria sobre el pecado, incluyendo la homosexualidad. (<a class=\"rtBibleRef\" href=\"https:\/\/biblia.com\/bible\/nvi\/1%20Cor%206.11?culture=es\" target=\"_blank\" rel=\"noopener\" data-reference=\"1 Cor 6.11\" data-version=\"nvi\" data-purpose=\"bible-reference\">1\u00aa Corintios 6:11<\/a>; <a class=\"rtBibleRef\" href=\"https:\/\/biblia.com\/bible\/nvi\/2%20Cor%205.17?culture=es\" target=\"_blank\" rel=\"noopener\" data-reference=\"2 Cor 5.17\" data-version=\"nvi\" data-purpose=\"bible-reference\">2\u00aa Corintios 5:17<\/a>).<\/p>","protected":false},"excerpt":{"rendered":"<p>\u00bfQu\u00e9 dice la Biblia acerca de la homosexualidad? La Biblia, consistentemente nos dice que la actividad homosexual es pecado (G\u00e9nesis 19:1-13; Lev\u00edtico 18:22; Romanos 1:26-27; [&hellip;] <span class=\"read-more-link\"><a class=\"read-more\" href=\"https:\/\/findlife.org\/es\/sex-marriage\/homosexuality\/\">Read More<\/a><\/span><\/p>\n","protected":false},"author":1,"featured_media":0,"parent":24,"menu_order":0,"comment_status":"closed","ping_status":"closed","template":"","meta":{"_monsterinsights_skip_tracking":false,"_monsterinsights_sitenote_active":false,"_monsterinsights_sitenote_note":"","_monsterinsights_sitenote_category":0,"footnotes":""},"class_list":["post-26","page","type-page","status-publish","hentry"],"_links":{"self":[{"href":"https:\/\/findlife.org\/es\/wp-json\/wp\/v2\/pages\/26","targetHints":{"allow":["GET"]}}],"collection":[{"href":"https:\/\/findlife.org\/es\/wp-json\/wp\/v2\/pages"}],"about":[{"href":"https:\/\/findlife.org\/es\/wp-json\/wp\/v2\/types\/page"}],"author":[{"embeddable":true,"href":"https:\/\/findlife.org\/es\/wp-json\/wp\/v2\/users\/1"}],"replies":[{"embeddable":true,"href":"https:\/\/findlife.org\/es\/wp-json\/wp\/v2\/comments?post=26"}],"version-history":[{"count":2,"href":"https:\/\/findlife.org\/es\/wp-json\/wp\/v2\/pages\/26\/revisions"}],"predecessor-version":[{"id":58,"href":"https:\/\/findlife.org\/es\/wp-json\/wp\/v2\/pages\/26\/revisions\/58"}],"up":[{"embeddable":true,"href":"https:\/\/findlife.org\/es\/wp-json\/wp\/v2\/pages\/24"}],"wp:attachment":[{"href":"https:\/\/findlife.org\/es\/wp-json\/wp\/v2\/media?parent=26"}],"curies":[{"name":"wp","href":"https:\/\/api.w.org\/{rel}","templated":true}]}}