{"id":2,"date":"2018-01-12T09:42:28","date_gmt":"2018-01-12T09:42:28","guid":{"rendered":"http:\/\/findlife.org\/\/?page_id=2"},"modified":"2018-02-08T04:26:53","modified_gmt":"2018-02-08T04:26:53","slug":"sample-page","status":"publish","type":"page","link":"https:\/\/findlife.org\/es\/","title":{"rendered":"Inicio"},"content":{"rendered":"<p>\u00bfCu\u00e1l es el significado de la vida? \u00bfC\u00f3mo puedo encontrar prop\u00f3sito, realizaci\u00f3n y satisfacci\u00f3n en la vida? \u00bfTendr\u00e9 el potencial para lograr algo de importancia duradera? Mucha gente nunca se ha detenido a considerar cu\u00e1l es el significado de la vida. A\u00f1os m\u00e1s tarde, miran hacia atr\u00e1s y se preguntan por qu\u00e9 sus relaciones se han desmoronado y por qu\u00e9 se sienten tan vac\u00edos, a\u00fan cuando pudieron haber conseguido lo que emprendieron. A un jugador de b\u00e9isbol que figuraba en el paseo de la fama del b\u00e9isbol se le pregunt\u00f3, qu\u00e9 le hubiera gustado que le dijeran al principio, cuando empez\u00f3 a jugar el b\u00e9isbol. El respondi\u00f3, \u201cDeseo que alguien me hubiera dicho que cuando alcanzara la cumbre, no encontrar\u00eda nada ah\u00ed\u201d. Muchas metas revelan su vac\u00edo solamente despu\u00e9s de que se han desperdiciado a\u00f1os en su b\u00fasqueda.<\/p>\n<p>En nuestra sociedad human\u00edstica, la gente persigue muchos prop\u00f3sitos, pensando que en ellos van a encontrar significado. Algunas de estas b\u00fasquedas incluyen: \u00e9xito en los negocios, riquezas, buenas relaciones, sexo, entretenimiento, hacer el bien a otros, etc. La gente ha testificado que mientras alcanzan sus metas de riquezas, relaciones y placer, todav\u00eda hay un profundo vac\u00edo interior \u2013 un sentimiento de un vac\u00edo que nada lo parece llenar.<\/p>\n<p>El autor del libro b\u00edblico de Eclesiast\u00e9s expone este sentimiento cuando dice, \u201c\u00a1Vanidad de vanidades! \u00a1Vanidad de vanidades! \u00a1Todo es vanidad!\u201d. Este autor ten\u00eda riquezas m\u00e1s all\u00e1 de la medida, sabidur\u00eda m\u00e1s que cualquier hombre de su tiempo o del nuestro, mujeres por cientos, palacios y jardines que eran la envidia de los reinos, la mejor comida y el mejor vino, y pose\u00eda cada forma de entretenimiento disponible. Hasta cierto punto, dijo que cualquier cosa que deseaba su coraz\u00f3n, \u00e9l la buscaba. Y todav\u00eda, resum\u00eda diciendo, \u201cla vida debajo del sol \u00a1es vanidad!\u201d (La vida es vivida como que est\u00e1 fuera de todo lo que podemos ver con nuestros ojos y experimentar con nuestros sentidos) \u00bfPor qu\u00e9 hay tal vac\u00edo? Porque Dios nos cre\u00f3 para algo m\u00e1s all\u00e1 de lo que podemos experimentar en el aqu\u00ed-y-ahora. Salom\u00f3n dijo de Dios, \u201cEl tambi\u00e9n ha puesto la eternidad en los corazones de los hombres\u2026\u201d. Estamos conscientes de que, en nuestros corazones, este \u201caqu\u00ed-y-ahora\u201d no es todo lo que hay.<\/p>\n<p>En G\u00e9nesis, el primer libro de la Biblia, encontramos que Dios cre\u00f3 a la humanidad a Su imagen (<a class=\"rtBibleRef\" href=\"https:\/\/biblia.com\/bible\/nvi\/G%C3%A9n%201.26?culture=es\" target=\"_blank\" rel=\"noopener\" data-reference=\"G\u00e9n 1.26\" data-version=\"nvi\" data-purpose=\"bible-reference\">G\u00e9nesis 1:26<\/a>). Esto significa que somos m\u00e1s como Dios que como cualquier otro (que cualquier otra forma de vida). Tambi\u00e9n encontramos que antes de que la humanidad cayera en pecado y la maldici\u00f3n cayera sobre la tierra, las siguientes cosas fueron verdad: (1) Dios hizo al hombre una criatura social (<a class=\"rtBibleRef\" href=\"https:\/\/biblia.com\/bible\/nvi\/G%C3%A9n%202.18-25?culture=es\" target=\"_blank\" rel=\"noopener\" data-reference=\"G\u00e9n 2.18-25\" data-version=\"nvi\" data-purpose=\"bible-reference\">G\u00e9nesis 2:18-25<\/a>); (2) Dios dio al hombre trabajo (<a class=\"rtBibleRef\" href=\"https:\/\/biblia.com\/bible\/nvi\/G%C3%A9n%202.15?culture=es\" target=\"_blank\" rel=\"noopener\" data-reference=\"G\u00e9n 2.15\" data-version=\"nvi\" data-purpose=\"bible-reference\">G\u00e9nesis 2:15<\/a>); (3) Dios tuvo compa\u00f1erismo con el hombre (<a class=\"rtBibleRef\" href=\"https:\/\/biblia.com\/bible\/nvi\/G%C3%A9n%203.8?culture=es\" target=\"_blank\" rel=\"noopener\" data-reference=\"G\u00e9n 3.8\" data-version=\"nvi\" data-purpose=\"bible-reference\">G\u00e9nesis 3:8<\/a>): y (4) Dios dio al hombre dominio sobre la tierra (<a class=\"rtBibleRef\" href=\"https:\/\/biblia.com\/bible\/nvi\/G%C3%A9n%201.26?culture=es\" target=\"_blank\" rel=\"noopener\" data-reference=\"G\u00e9n 1.26\" data-version=\"nvi\" data-purpose=\"bible-reference\">G\u00e9nesis 1:26<\/a>). \u00bfCu\u00e1l es la importancia de estos puntos? Yo creo que por cada uno de estos, Dios intent\u00f3 a\u00f1adir a nuestro cumplimiento satisfacci\u00f3n en la vida, pero todo esto (especialmente el compa\u00f1erismo del hombre con Dios) fue perjudicado por la ca\u00edda del hombre en pecado y la maldici\u00f3n resultante sobre la tierra (<a class=\"rtBibleRef\" href=\"https:\/\/biblia.com\/bible\/nvi\/G%C3%A9n%203?culture=es\" target=\"_blank\" rel=\"noopener\" data-reference=\"G\u00e9n 3\" data-version=\"nvi\" data-purpose=\"bible-reference\">G\u00e9nesis 3<\/a>).<\/p>\n<p>En Apocalipsis, el \u00faltimo libro de la Biblia, al final de muchos otros eventos del fin de los tiempos, Dios revela que va a destruir esta tierra y cielo presentes como los conocemos, y conducirnos al estado eterno, al crear un nuevo cielo y una nueva tierra. En ese tiempo, El va a restaurar por completo el compa\u00f1erismo con la humanidad redimida. Algunos van a ser juzgados indignos y arrojados en el Lago de Fuego (<a class=\"rtBibleRef\" href=\"https:\/\/biblia.com\/bible\/nvi\/Apoc%2020.11-15?culture=es\" target=\"_blank\" rel=\"noopener\" data-reference=\"Apoc 20.11-15\" data-version=\"nvi\" data-purpose=\"bible-reference\">Apocalipsis 20:11-15<\/a>). Y la maldici\u00f3n del pecado ser\u00e1 disipada; no habr\u00e1 m\u00e1s pecado, aflicci\u00f3n, enfermedad, muerte, dolor, etc. (<a class=\"rtBibleRef\" href=\"https:\/\/biblia.com\/bible\/nvi\/Apoc%2021.4?culture=es\" target=\"_blank\" rel=\"noopener\" data-reference=\"Apoc 21.4\" data-version=\"nvi\" data-purpose=\"bible-reference\">Apocalipsis 21:4<\/a>). Y los creyentes heredar\u00e1n todas las cosas; Dios habitar\u00e1 con ellos, y ellos ser\u00e1n Sus hijos (<a class=\"rtBibleRef\" href=\"https:\/\/biblia.com\/bible\/nvi\/Apoc%2021.7?culture=es\" target=\"_blank\" rel=\"noopener\" data-reference=\"Apoc 21.7\" data-version=\"nvi\" data-purpose=\"bible-reference\">Apocalipsis 21:7<\/a>). De este modo, llegamos a un c\u00edrculo completo en el que Dios nos cre\u00f3 para tener compa\u00f1erismo con El, pero el hombre pec\u00f3, rompiendo ese compa\u00f1erismo; Dios restaura ese compa\u00f1erismo completamente, en el estado eterno, con aquellos considerados dignos por El. \u00a1Ahora, ir a trav\u00e9s de la vida haciendo nada y todo, solamente para morir separados de Dios por la eternidad, ser\u00eda peor que vano! Pero Dios ha hecho un camino no solamente para hacer posible la dicha eterna (<a class=\"rtBibleRef\" href=\"https:\/\/biblia.com\/bible\/nvi\/Luc%2023.43?culture=es\" target=\"_blank\" rel=\"noopener\" data-reference=\"Luc 23.43\" data-version=\"nvi\" data-purpose=\"bible-reference\">Lucas 23:43<\/a>), sino tambi\u00e9n esta vida satisfactoria y valiosa. Ahora, \u00bfc\u00f3mo se obtienen esta dicha eterna y este \u201ccielo sobre la tierra\u201d?<\/p>\n<p><strong>El sentido de la vida restituido por Jesucristo<\/strong><\/p>\n<p>Como hicimos alusi\u00f3n arriba, el verdadero significado tanto ahora como en la eternidad, se encuentra en que uno restaure la relaci\u00f3n con Dios que fue perdida en el tiempo de la ca\u00edda por el pecado de Ad\u00e1n y Eva. Hoy, esa relaci\u00f3n con Dios es solamente posible a trav\u00e9s de Su Hijo, Jesucristo (<a class=\"rtBibleRef\" href=\"https:\/\/biblia.com\/bible\/nvi\/Hech%204.12?culture=es\" target=\"_blank\" rel=\"noopener\" data-reference=\"Hech 4.12\" data-version=\"nvi\" data-purpose=\"bible-reference\">Hechos 4:12<\/a>; <a class=\"rtBibleRef\" href=\"https:\/\/biblia.com\/bible\/nvi\/Juan14.6?culture=es\" target=\"_blank\" rel=\"noopener\" data-reference=\"Juan14.6\" data-version=\"nvi\" data-purpose=\"bible-reference\">Juan14:6<\/a>; <a class=\"rtBibleRef\" href=\"https:\/\/biblia.com\/bible\/nvi\/Juan%201.12?culture=es\" target=\"_blank\" rel=\"noopener\" data-reference=\"Juan 1.12\" data-version=\"nvi\" data-purpose=\"bible-reference\">Juan 1:12<\/a>). La vida eterna se gana cuando uno se arrepiente de sus pecados (ya no quiere continuar en esto, sino que quiere que Cristo lo cambie y lo haga una nueva persona) y comienza a confiar en Jesucristo como Salvador (vea la pregunta \u201c\u00bfCu\u00e1l es el plan de salvaci\u00f3n?\u201d para obtener mayor informaci\u00f3n en este tan importante asunto).<\/p>\n<p>Ahora, el verdadero significado de la vida no se encuentra solamente en tener a Jes\u00fas como Salvador (maravilloso como es eso). Mas bien, el verdadero significado de la vida se encuentra cuando uno comienza a seguir a Cristo como Su disc\u00edpulo, aprendiendo de \u00c9l, pasando tiempo con \u00c9l en Su Palabra, la Biblia, comunic\u00e1ndose con \u00c9l en oraci\u00f3n, y caminando con \u00c9l en obediencia a Sus mandatos. Si usted es un no creyente (o tal vez un nuevo Creyente) es probable que est\u00e9 dici\u00e9ndose, \u201c\u00a1Eso no suena muy emocionante o satisfactorio para m\u00ed!\u201d Pero, por favor lea solamente un poquito m\u00e1s. Jes\u00fas hizo las siguientes declaraciones:<\/p>\n<p>\u201cVenid a m\u00ed todos los que est\u00e1is trabajados y cargados, y yo os har\u00e9 descansar. Llevad mi yugo sobre vosotros, y aprended de m\u00ed, que soy manso y humilde de coraz\u00f3n; y hallar\u00e9is descanso para vuestras almas; porque mi yugo es f\u00e1cil, y ligera mi carga\u201d (<a class=\"rtBibleRef\" href=\"https:\/\/biblia.com\/bible\/nvi\/Mat%2011.28-30?culture=es\" target=\"_blank\" rel=\"noopener\" data-reference=\"Mat 11.28-30\" data-version=\"nvi\" data-purpose=\"bible-reference\">Mateo 11:28-30<\/a>). \u201cYo he venido para que tengan vida, y para que la tengan en abundancia\u201d (<a class=\"rtBibleRef\" href=\"https:\/\/biblia.com\/bible\/nvi\/Juan10.10b?culture=es\" target=\"_blank\" rel=\"noopener\" data-reference=\"Juan10.10b\" data-version=\"nvi\" data-purpose=\"bible-reference\">Juan10:10b<\/a>). \u201cSi alguno quiere venir en pos de m\u00ed, ni\u00e9guese a s\u00ed mismo, y tome su cruz, y s\u00edgame. Porque todo el que quiera salvar su vida, la perder\u00e1; y todo el que pierda su vida por causa de m\u00ed, la hallar\u00e1\u201d (<a class=\"rtBibleRef\" href=\"https:\/\/biblia.com\/bible\/nvi\/Mat%2016.24-25?culture=es\" target=\"_blank\" rel=\"noopener\" data-reference=\"Mat 16.24-25\" data-version=\"nvi\" data-purpose=\"bible-reference\">Mateo 16:24-25<\/a>). \u201cDel\u00e9itate asimismo en Jehov\u00e1, y \u00e9l te conceder\u00e1 las peticiones de tu coraz\u00f3n\u201d (<a class=\"rtBibleRef\" href=\"https:\/\/biblia.com\/bible\/nvi\/Sal%2037.4?culture=es\" target=\"_blank\" rel=\"noopener\" data-reference=\"Sal 37.4\" data-version=\"nvi\" data-purpose=\"bible-reference\">Salmos 37:4<\/a>).<\/p>\n<p>Todo lo que estos vers\u00edculos est\u00e1n diciendo es que nosotros tenemos una elecci\u00f3n. Podemos continuar buscando guiar nuestras propias vidas (con el resultado de llevar una vida vac\u00eda) o podemos escoger seguir a Dios y Su voluntad para nuestras vidas con todo nuestro coraz\u00f3n (lo cual resultar\u00e1 en tener una vida vivida por completo, teniendo satisfechos los deseos del coraz\u00f3n, y encontrando contentamiento y satisfacci\u00f3n). Esto es as\u00ed porque nuestro Creador nos ama y desea lo mejor para nosotros (no necesariamente la vida m\u00e1s f\u00e1cil, sino la mayor satisfacci\u00f3n).<\/p>\n<p>Al cerrar, quiero compartir una analog\u00eda tomada de un pastor amigo. Si usted es un aficionado a los deportes y decide asistir a un juego profesional, puede aflojar unos pocos d\u00f3lares y obtener un asiento \u201calejado de la acci\u00f3n\u201d en las filas superiores del estadio, o puede soltar unos pocos cientos de d\u00f3lares y estar muy cerca de la acci\u00f3n. En la vida Cristiana tambi\u00e9n es as\u00ed. Observar la obra de Dios de PRIMERA MANO no es para los cristianos domingueros. Ellos no han pagado el precio. Observar la obra de Dios de PRIMERA MANO es para los disc\u00edpulos de Cristo incondicionales, quienes verdaderamente han dejado sus propios deseos, de manera que pueden seguir los prop\u00f3sitos de Dios en la vida. \u00a1Ellos han pagado el precio (una completa rendici\u00f3n a Cristo y a Su voluntad); ellos est\u00e1n experimentando la vida a plenitud, y pueden encararse a ellos mismos, y a su Hacedor sin lamentarse! \u00bfHa pagado el precio? \u00bfEst\u00e1 dispuesto a hacerlo? Si es as\u00ed, usted no va a anhelar sentido o prop\u00f3sito para su vida nuevamente.<\/p>","protected":false},"excerpt":{"rendered":"<p>\u00bfCu\u00e1l es el significado de la vida? \u00bfC\u00f3mo puedo encontrar prop\u00f3sito, realizaci\u00f3n y satisfacci\u00f3n en la vida? \u00bfTendr\u00e9 el potencial para lograr algo de importancia [&hellip;] <span class=\"read-more-link\"><a class=\"read-more\" href=\"https:\/\/findlife.org\/es\/\">Read More<\/a><\/span><\/p>\n","protected":false},"author":1,"featured_media":0,"parent":0,"menu_order":0,"comment_status":"closed","ping_status":"open","template":"","meta":{"_monsterinsights_skip_tracking":false,"_monsterinsights_sitenote_active":false,"_monsterinsights_sitenote_note":"","_monsterinsights_sitenote_category":0,"footnotes":""},"class_list":["post-2","page","type-page","status-publish","hentry"],"_links":{"self":[{"href":"https:\/\/findlife.org\/es\/wp-json\/wp\/v2\/pages\/2","targetHints":{"allow":["GET"]}}],"collection":[{"href":"https:\/\/findlife.org\/es\/wp-json\/wp\/v2\/pages"}],"about":[{"href":"https:\/\/findlife.org\/es\/wp-json\/wp\/v2\/types\/page"}],"author":[{"embeddable":true,"href":"https:\/\/findlife.org\/es\/wp-json\/wp\/v2\/users\/1"}],"replies":[{"embeddable":true,"href":"https:\/\/findlife.org\/es\/wp-json\/wp\/v2\/comments?post=2"}],"version-history":[{"count":2,"href":"https:\/\/findlife.org\/es\/wp-json\/wp\/v2\/pages\/2\/revisions"}],"predecessor-version":[{"id":60,"href":"https:\/\/findlife.org\/es\/wp-json\/wp\/v2\/pages\/2\/revisions\/60"}],"wp:attachment":[{"href":"https:\/\/findlife.org\/es\/wp-json\/wp\/v2\/media?parent=2"}],"curies":[{"name":"wp","href":"https:\/\/api.w.org\/{rel}","templated":true}]}}