{"id":19,"date":"2018-02-06T05:14:25","date_gmt":"2018-02-06T05:14:25","guid":{"rendered":"http:\/\/findlife.org\/?page_id=19"},"modified":"2018-02-06T05:14:25","modified_gmt":"2018-02-06T05:14:25","slug":"about-god","status":"publish","type":"page","link":"https:\/\/findlife.org\/es\/god\/about-god\/","title":{"rendered":"\u00bfC\u00f3mo es Dios?"},"content":{"rendered":"<p>\u00a1La buena nueva es que hay mucho que se puede descubrir acerca de Dios! Aquellos que examinan esta explicaci\u00f3n pueden encontrar provechoso primero leerla completamente; luego volver y consultar pasajes seleccionados de la Escritura para una aclaraci\u00f3n adicional. Las referencias de la Escritura son completamente necesarias, porque sin la autoridad de la Biblia, esta colecci\u00f3n de palabras no ser\u00edan mejores que la opini\u00f3n del hombre; la cual por s\u00ed misma es a menudo incorrecta en la comprensi\u00f3n de Dios (<a class=\"rtBibleRef\" href=\"https:\/\/biblia.com\/bible\/nvi\/Job%2042.7?culture=es\" target=\"_blank\" rel=\"noopener\" data-reference=\"Job 42.7\" data-version=\"nvi\" data-purpose=\"bible-reference\">Job 42:7<\/a>). \u00a1Decir que es importante para nosotros tratar de entender c\u00f3mo es Dios, es como una gran subestimaci\u00f3n! El descuidarlo, probablemente va a ocasionar que se levante, persiga, y adore a los dioses ajenos lo cual es contrario a Su voluntad (<a class=\"rtBibleRef\" href=\"https:\/\/biblia.com\/bible\/nvi\/%C3%89xo%2020.3-5?culture=es\" target=\"_blank\" rel=\"noopener\" data-reference=\"\u00c9xo 20.3-5\" data-version=\"nvi\" data-purpose=\"bible-reference\">\u00c9xodo 20:3-5<\/a>).<\/p>\n<p>Solamente lo que Dios ha escogido de S\u00ed mismo para ser revelado, puede ser dado a conocer. Uno de los atributos o cualidades de Dios es que El es \u201cluz\u201d, queriendo decir que El mismo nos revela la informaci\u00f3n de S\u00ed mismo (<a class=\"rtBibleRef\" href=\"https:\/\/biblia.com\/bible\/nvi\/Isa%2060.19?culture=es\" target=\"_blank\" rel=\"noopener\" data-reference=\"Isa 60.19\" data-version=\"nvi\" data-purpose=\"bible-reference\">Isa\u00edas 60:19<\/a>, <a class=\"rtBibleRef\" href=\"https:\/\/biblia.com\/bible\/nvi\/Sant%201.17?culture=es\" target=\"_blank\" rel=\"noopener\" data-reference=\"Sant 1.17\" data-version=\"nvi\" data-purpose=\"bible-reference\">Santiago 1:17<\/a>). La realidad de que Dios ha revelado conocimiento de S\u00ed mismo no deber\u00eda ser abandonada, no sea que alguno de ustedes no alcance a entrar en Su reposo (<a class=\"rtBibleRef\" href=\"https:\/\/biblia.com\/bible\/nvi\/Heb%204.1?culture=es\" target=\"_blank\" rel=\"noopener\" data-reference=\"Heb 4.1\" data-version=\"nvi\" data-purpose=\"bible-reference\">Hebreos 4:1<\/a>). La creaci\u00f3n, la Biblia, y el Verbo hecho carne (Jesucristo) van a ayudarnos a conocer c\u00f3mo es Dios.<\/p>\n<p>Comencemos entendiendo que Dios es nuestro Creador y que somos una parte de Su creaci\u00f3n (<a class=\"rtBibleRef\" href=\"https:\/\/biblia.com\/bible\/nvi\/G%C3%A9n%201.1?culture=es\" target=\"_blank\" rel=\"noopener\" data-reference=\"G\u00e9n 1.1\" data-version=\"nvi\" data-purpose=\"bible-reference\">G\u00e9nesis 1:1<\/a>, <a class=\"rtBibleRef\" href=\"https:\/\/biblia.com\/bible\/nvi\/Sal%2024.1?culture=es\" target=\"_blank\" rel=\"noopener\" data-reference=\"Sal 24.1\" data-version=\"nvi\" data-purpose=\"bible-reference\">Salmos 24:1<\/a>). Dios dijo que el hombre fue creado a Su imagen. El hombre est\u00e1 sobre el resto de la creaci\u00f3n y le fue dado dominio sobre ella (<a class=\"rtBibleRef\" href=\"https:\/\/biblia.com\/bible\/nvi\/G%C3%A9n%201.26-28?culture=es\" target=\"_blank\" rel=\"noopener\" data-reference=\"G\u00e9n 1.26-28\" data-version=\"nvi\" data-purpose=\"bible-reference\">G\u00e9nesis 1:26-28<\/a>). La creaci\u00f3n fue estropeada por la \u201cca\u00edda\u201d, no obstante, echa un vistazo a Sus obras (<a class=\"rtBibleRef\" href=\"https:\/\/biblia.com\/bible\/nvi\/G%C3%A9n%203.17-18?culture=es\" target=\"_blank\" rel=\"noopener\" data-reference=\"G\u00e9n 3.17-18\" data-version=\"nvi\" data-purpose=\"bible-reference\">G\u00e9nesis 3:17-18<\/a>); <a class=\"rtBibleRef\" href=\"https:\/\/biblia.com\/bible\/nvi\/Rom%201.19-20?culture=es\" target=\"_blank\" rel=\"noopener\" data-reference=\"Rom 1.19-20\" data-version=\"nvi\" data-purpose=\"bible-reference\">Romanos 1:19-20<\/a>). Al considerar la inmensidad de la creaci\u00f3n, la complejidad, la belleza, y el orden, podemos tener una sensaci\u00f3n de lo impresionante que es Dios.<\/p>\n<p>La lectura de algunos de los nombres de Dios, puede ser de ayuda en nuestra b\u00fasqueda de c\u00f3mo es Dios. Veamos los siguientes:<\/p>\n<p>Elohim \u2013 El Fuerte, Divino (<a class=\"rtBibleRef\" href=\"https:\/\/biblia.com\/bible\/nvi\/G%C3%A9n%201.1?culture=es\" target=\"_blank\" rel=\"noopener\" data-reference=\"G\u00e9n 1.1\" data-version=\"nvi\" data-purpose=\"bible-reference\">G\u00e9nesis 1:1<\/a>)<br \/>\nAdonai \u2013 Se\u00f1or, indicando una relaci\u00f3n Maestro &#8211; siervo (<a class=\"rtBibleRef\" href=\"https:\/\/biblia.com\/bible\/nvi\/%C3%89xo%204.10?culture=es\" target=\"_blank\" rel=\"noopener\" data-reference=\"\u00c9xo 4.10\" data-version=\"nvi\" data-purpose=\"bible-reference\">\u00c9xodo 4:10<\/a>,<a class=\"rtBibleRef\" href=\"https:\/\/biblia.com\/bible\/nvi\/%C3%89xodo%204.13?culture=es\" target=\"_blank\" rel=\"noopener\" data-reference=\"\u00c9xodo 4.13\" data-version=\"nvi\" data-purpose=\"bible-reference\">13<\/a>)<br \/>\nEl Elyon \u2013 El Alt\u00edsimo, El m\u00e1s Fuerte (<a class=\"rtBibleRef\" href=\"https:\/\/biblia.com\/bible\/nvi\/Isa%2014.20?culture=es\" target=\"_blank\" rel=\"noopener\" data-reference=\"Isa 14.20\" data-version=\"nvi\" data-purpose=\"bible-reference\">Isa\u00edas 14:20<\/a>)<br \/>\nEl Roi \u2013 El Fuerte que ve (<a class=\"rtBibleRef\" href=\"https:\/\/biblia.com\/bible\/nvi\/G%C3%A9n%2016.13?culture=es\" target=\"_blank\" rel=\"noopener\" data-reference=\"G\u00e9n 16.13\" data-version=\"nvi\" data-purpose=\"bible-reference\">G\u00e9nesis 16:13<\/a>)<br \/>\nEl Shaddai \u2013 Todopoderoso Dios (<a class=\"rtBibleRef\" href=\"https:\/\/biblia.com\/bible\/nvi\/G%C3%A9n%2017.1?culture=es\" target=\"_blank\" rel=\"noopener\" data-reference=\"G\u00e9n 17.1\" data-version=\"nvi\" data-purpose=\"bible-reference\">G\u00e9nesis 17:1<\/a>)<br \/>\nEl Olam \u2013 Dios eterno (<a class=\"rtBibleRef\" href=\"https:\/\/biblia.com\/bible\/nvi\/Isa%2040.28?culture=es\" target=\"_blank\" rel=\"noopener\" data-reference=\"Isa 40.28\" data-version=\"nvi\" data-purpose=\"bible-reference\">Isa\u00edas 40:28<\/a>)<br \/>\nYahv\u00e9 \u2013 SE\u00d1OR \u201cYo Soy\u201d, lo cual significa el Dios Eterno, que existe independientemente de cualquier otro ser. (<a class=\"rtBibleRef\" href=\"https:\/\/biblia.com\/bible\/nvi\/%C3%89xo%203.13?culture=es\" target=\"_blank\" rel=\"noopener\" data-reference=\"\u00c9xo 3.13\" data-version=\"nvi\" data-purpose=\"bible-reference\">\u00c9xodo 3:13<\/a>,<a class=\"rtBibleRef\" href=\"https:\/\/biblia.com\/bible\/nvi\/%C3%89xodo%203.14?culture=es\" target=\"_blank\" rel=\"noopener\" data-reference=\"\u00c9xodo 3.14\" data-version=\"nvi\" data-purpose=\"bible-reference\">14<\/a>).<\/p>\n<p>Vamos a continuar examinando m\u00e1s de los atributos de Dios. Dios es eterno, lo cual significa que no tuvo principio y que Su existencia nunca va a terminar. El es inmortal, infinito (<a class=\"rtBibleRef\" href=\"https:\/\/biblia.com\/bible\/nvi\/Deut%2033.27?culture=es\" target=\"_blank\" rel=\"noopener\" data-reference=\"Deut 33.27\" data-version=\"nvi\" data-purpose=\"bible-reference\">Deuteronomio 33:27<\/a>; <a class=\"rtBibleRef\" href=\"https:\/\/biblia.com\/bible\/nvi\/Sal%2090.2?culture=es\" target=\"_blank\" rel=\"noopener\" data-reference=\"Sal 90.2\" data-version=\"nvi\" data-purpose=\"bible-reference\">Salmos 90:2<\/a>; <a class=\"rtBibleRef\" href=\"https:\/\/biblia.com\/bible\/nvi\/1%20Tim%201.17?culture=es\" target=\"_blank\" rel=\"noopener\" data-reference=\"1 Tim 1.17\" data-version=\"nvi\" data-purpose=\"bible-reference\">1\u00aa Timoteo 1:17<\/a>). Dios es inmutable, lo cual significa, que es inalterable; es decir que Dios es absolutamente digno de confianza y fidedigno (<a class=\"rtBibleRef\" href=\"https:\/\/biblia.com\/bible\/nvi\/Mal%203.6?culture=es\" target=\"_blank\" rel=\"noopener\" data-reference=\"Mal 3.6\" data-version=\"nvi\" data-purpose=\"bible-reference\">Malaqu\u00edas 3:6<\/a>; <a class=\"rtBibleRef\" href=\"https:\/\/biblia.com\/bible\/nvi\/N%C3%BAm%2023.19?culture=es\" target=\"_blank\" rel=\"noopener\" data-reference=\"N\u00fam 23.19\" data-version=\"nvi\" data-purpose=\"bible-reference\">N\u00fameros 23:19<\/a>; <a class=\"rtBibleRef\" href=\"https:\/\/biblia.com\/bible\/nvi\/Sal%20102.26?culture=es\" target=\"_blank\" rel=\"noopener\" data-reference=\"Sal 102.26\" data-version=\"nvi\" data-purpose=\"bible-reference\">Salmos 102:26<\/a>,<a class=\"rtBibleRef\" href=\"https:\/\/biblia.com\/bible\/nvi\/Salmos%20102.27?culture=es\" target=\"_blank\" rel=\"noopener\" data-reference=\"Salmos 102.27\" data-version=\"nvi\" data-purpose=\"bible-reference\">27<\/a>). Dios es incomparable, lo cual significa que no hay nadie como \u00c9l en obras o existencia; es inigualable y perfecto (<a class=\"rtBibleRef\" href=\"https:\/\/biblia.com\/bible\/nvi\/2%20Sam%207.22?culture=es\" target=\"_blank\" rel=\"noopener\" data-reference=\"2 Sam 7.22\" data-version=\"nvi\" data-purpose=\"bible-reference\">2\u00aa Samuel 7:22<\/a>; <a class=\"rtBibleRef\" href=\"https:\/\/biblia.com\/bible\/nvi\/Sal%2086.8?culture=es\" target=\"_blank\" rel=\"noopener\" data-reference=\"Sal 86.8\" data-version=\"nvi\" data-purpose=\"bible-reference\">Salmos 86:8<\/a>; <a class=\"rtBibleRef\" href=\"https:\/\/biblia.com\/bible\/nvi\/Isa%2040.25?culture=es\" target=\"_blank\" rel=\"noopener\" data-reference=\"Isa 40.25\" data-version=\"nvi\" data-purpose=\"bible-reference\">Isa\u00edas 40:25<\/a>; <a class=\"rtBibleRef\" href=\"https:\/\/biblia.com\/bible\/nvi\/Mat%205.48?culture=es\" target=\"_blank\" rel=\"noopener\" data-reference=\"Mat 5.48\" data-version=\"nvi\" data-purpose=\"bible-reference\">Mateo 5:48<\/a>). Dios es inescrutable, lo cual significa que no tiene l\u00edmite, no se lo puede llegar a conocer por completo, es insondable (<a class=\"rtBibleRef\" href=\"https:\/\/biblia.com\/bible\/nvi\/Isa%2040.28?culture=es\" target=\"_blank\" rel=\"noopener\" data-reference=\"Isa 40.28\" data-version=\"nvi\" data-purpose=\"bible-reference\">Isa\u00edas 40:28<\/a>; <a class=\"rtBibleRef\" href=\"https:\/\/biblia.com\/bible\/nvi\/Sal%20145.3?culture=es\" target=\"_blank\" rel=\"noopener\" data-reference=\"Sal 145.3\" data-version=\"nvi\" data-purpose=\"bible-reference\">Salmos 145:3<\/a>; <a class=\"rtBibleRef\" href=\"https:\/\/biblia.com\/bible\/nvi\/Rom%2011.33?culture=es\" target=\"_blank\" rel=\"noopener\" data-reference=\"Rom 11.33\" data-version=\"nvi\" data-purpose=\"bible-reference\">Romanos 11:33<\/a>,<a class=\"rtBibleRef\" href=\"https:\/\/biblia.com\/bible\/nvi\/Romanos%2011.34?culture=es\" target=\"_blank\" rel=\"noopener\" data-reference=\"Romanos 11.34\" data-version=\"nvi\" data-purpose=\"bible-reference\">34<\/a>).<\/p>\n<p>Dios es imparcial, lo cual significa que no hace distinci\u00f3n de personas en el sentido de mostrar favoritismo (<a class=\"rtBibleRef\" href=\"https:\/\/biblia.com\/bible\/nvi\/Deut%2032.4?culture=es\" target=\"_blank\" rel=\"noopener\" data-reference=\"Deut 32.4\" data-version=\"nvi\" data-purpose=\"bible-reference\">Deuteronomio 32:4<\/a>; <a class=\"rtBibleRef\" href=\"https:\/\/biblia.com\/bible\/nvi\/Sal%2018.30?culture=es\" target=\"_blank\" rel=\"noopener\" data-reference=\"Sal 18.30\" data-version=\"nvi\" data-purpose=\"bible-reference\">Salmos 18:30<\/a>). Dios es omnipotente, lo cual significa que es todopoderoso; El puede hacer todo lo que le agrada, pero Sus acciones siempre estar\u00e1n de acuerdo con el resto de Su car\u00e1cter (<a class=\"rtBibleRef\" href=\"https:\/\/biblia.com\/bible\/nvi\/Apoc%2019.6?culture=es\" target=\"_blank\" rel=\"noopener\" data-reference=\"Apoc 19.6\" data-version=\"nvi\" data-purpose=\"bible-reference\">Apocalipsis 19:6<\/a>, <a class=\"rtBibleRef\" href=\"https:\/\/biblia.com\/bible\/nvi\/Jer%2032.17?culture=es\" target=\"_blank\" rel=\"noopener\" data-reference=\"Jer 32.17\" data-version=\"nvi\" data-purpose=\"bible-reference\">Jerem\u00edas 32:17<\/a>,<a class=\"rtBibleRef\" href=\"https:\/\/biblia.com\/bible\/nvi\/Jerem%C3%ADas%2032.27?culture=es\" target=\"_blank\" rel=\"noopener\" data-reference=\"Jerem\u00edas 32.27\" data-version=\"nvi\" data-purpose=\"bible-reference\">27<\/a>). Dios es omnipresente, lo cual significa que siempre est\u00e1 presente, en todas partes (<a class=\"rtBibleRef\" href=\"https:\/\/biblia.com\/bible\/nvi\/Sal%20139.7-13?culture=es\" target=\"_blank\" rel=\"noopener\" data-reference=\"Sal 139.7-13\" data-version=\"nvi\" data-purpose=\"bible-reference\">Salmos 139:7-13<\/a>; <a class=\"rtBibleRef\" href=\"https:\/\/biblia.com\/bible\/nvi\/Jer%2023.23?culture=es\" target=\"_blank\" rel=\"noopener\" data-reference=\"Jer 23.23\" data-version=\"nvi\" data-purpose=\"bible-reference\">Jerem\u00edas 23:23<\/a>). Dios es omnisciente, lo cual significa que conoce el pasado, presente y futuro, a\u00fan lo que estamos pensando en cualquier momento; puesto que conoce todo, Su justicia siempre ser\u00e1 administrada imparcialmente (<a class=\"rtBibleRef\" href=\"https:\/\/biblia.com\/bible\/nvi\/Sal%20139.1-5?culture=es\" target=\"_blank\" rel=\"noopener\" data-reference=\"Sal 139.1-5\" data-version=\"nvi\" data-purpose=\"bible-reference\">Salmos 139:1-5<\/a>; <a class=\"rtBibleRef\" href=\"https:\/\/biblia.com\/bible\/nvi\/Prov%205.21?culture=es\" target=\"_blank\" rel=\"noopener\" data-reference=\"Prov 5.21\" data-version=\"nvi\" data-purpose=\"bible-reference\">Proverbios 5:21<\/a>).<\/p>\n<p>Dios es uno, lo cual significa que no solamente no hay otro, sino que tambi\u00e9n es el \u00fanico en poder cubrir las necesidades m\u00e1s profundas y anhelos de nuestros corazones, y s\u00f3lo El es digno de nuestra adoraci\u00f3n y devoci\u00f3n (<a class=\"rtBibleRef\" href=\"https:\/\/biblia.com\/bible\/nvi\/Deut%206.4?culture=es\" target=\"_blank\" rel=\"noopener\" data-reference=\"Deut 6.4\" data-version=\"nvi\" data-purpose=\"bible-reference\">Deuteronomio 6:4<\/a>). Dios es justo, lo cual significa que no puede y no va a pasar por alto la maldad; es debido a Su rectitud y justicia, que Jes\u00fas tuvo que experimentar el juicio de Dios. Nuestros pecados fueron puestos sobre El para que de esta manera fu\u00e9ramos perdonados (<a class=\"rtBibleRef\" href=\"https:\/\/biblia.com\/bible\/nvi\/%C3%89xo%209.27?culture=es\" target=\"_blank\" rel=\"noopener\" data-reference=\"\u00c9xo 9.27\" data-version=\"nvi\" data-purpose=\"bible-reference\">\u00c9xodo 9:27<\/a>; <a class=\"rtBibleRef\" href=\"https:\/\/biblia.com\/bible\/nvi\/Mat%2027.45-46?culture=es\" target=\"_blank\" rel=\"noopener\" data-reference=\"Mat 27.45-46\" data-version=\"nvi\" data-purpose=\"bible-reference\">Mateo 27:45-46<\/a>; <a class=\"rtBibleRef\" href=\"https:\/\/biblia.com\/bible\/nvi\/Rom%203.21-26?culture=es\" target=\"_blank\" rel=\"noopener\" data-reference=\"Rom 3.21-26\" data-version=\"nvi\" data-purpose=\"bible-reference\">Romanos 3:21-26<\/a>).<\/p>\n<p>Dios es soberano, lo cual significa que es supremo; toda Su creaci\u00f3n junta, a sabiendas o ignorando, no puede impedir Sus prop\u00f3sitos (<a class=\"rtBibleRef\" href=\"https:\/\/biblia.com\/bible\/nvi\/Sal%2093.1?culture=es\" target=\"_blank\" rel=\"noopener\" data-reference=\"Sal 93.1\" data-version=\"nvi\" data-purpose=\"bible-reference\">Salmos 93:1<\/a>; <a class=\"rtBibleRef\" href=\"https:\/\/biblia.com\/bible\/nvi\/Salmos%2095.3?culture=es\" target=\"_blank\" rel=\"noopener\" data-reference=\"Salmos 95.3\" data-version=\"nvi\" data-purpose=\"bible-reference\">95:3<\/a>; <a class=\"rtBibleRef\" href=\"https:\/\/biblia.com\/bible\/nvi\/Jer%2023.20?culture=es\" target=\"_blank\" rel=\"noopener\" data-reference=\"Jer 23.20\" data-version=\"nvi\" data-purpose=\"bible-reference\">Jerem\u00edas 23:20<\/a>). Dios es esp\u00edritu, lo cual significa que es invisible (<a class=\"rtBibleRef\" href=\"https:\/\/biblia.com\/bible\/nvi\/Juan%201.18?culture=es\" target=\"_blank\" rel=\"noopener\" data-reference=\"Juan 1.18\" data-version=\"nvi\" data-purpose=\"bible-reference\">Juan 1:18<\/a>; <a class=\"rtBibleRef\" href=\"https:\/\/biblia.com\/bible\/nvi\/Juan%204.24?culture=es\" target=\"_blank\" rel=\"noopener\" data-reference=\"Juan 4.24\" data-version=\"nvi\" data-purpose=\"bible-reference\">4:24<\/a>). Dios es una Trinidad, lo cual significa que es tres en uno, el mismo en substancia, poder y gloria por igual. Note que en el primer pasaje citado de la Escritura, \u201cnombre\u201d es singular a\u00fan cuando se refiere a tres Personas distintas \u2013 \u201cPadre, Hijo, Esp\u00edritu Santo\u201d (<a class=\"rtBibleRef\" href=\"https:\/\/biblia.com\/bible\/nvi\/Mat%2028.19?culture=es\" target=\"_blank\" rel=\"noopener\" data-reference=\"Mat 28.19\" data-version=\"nvi\" data-purpose=\"bible-reference\">Mateo 28:19<\/a>; <a class=\"rtBibleRef\" href=\"https:\/\/biblia.com\/bible\/nvi\/Mar%201.9-11?culture=es\" target=\"_blank\" rel=\"noopener\" data-reference=\"Mar 1.9-11\" data-version=\"nvi\" data-purpose=\"bible-reference\">Marcos 1:9-11<\/a>). Dios es verdad, lo cual significa que est\u00e1 de acuerdo con todo lo que es, El va a permanecer incorruptible y no puede mentir (<a class=\"rtBibleRef\" href=\"https:\/\/biblia.com\/bible\/nvi\/Sal%20117.2?culture=es\" target=\"_blank\" rel=\"noopener\" data-reference=\"Sal 117.2\" data-version=\"nvi\" data-purpose=\"bible-reference\">Salmos 117:2<\/a>; <a class=\"rtBibleRef\" href=\"https:\/\/biblia.com\/bible\/nvi\/1%20Sam%2015.29?culture=es\" target=\"_blank\" rel=\"noopener\" data-reference=\"1 Sam 15.29\" data-version=\"nvi\" data-purpose=\"bible-reference\">1\u00aa Samuel 15:29<\/a>).<\/p>\n<p>Dios es santo, lo cual significa que est\u00e1 separado de toda corrupci\u00f3n moral y es hostil a ella. Dios ve todo el mal y esto lo enfada; el fuego usualmente es mencionado en la Escritura junto con la santidad. Dios es referido como un fuego consumidor (<a class=\"rtBibleRef\" href=\"https:\/\/biblia.com\/bible\/nvi\/Isa%206.3?culture=es\" target=\"_blank\" rel=\"noopener\" data-reference=\"Isa 6.3\" data-version=\"nvi\" data-purpose=\"bible-reference\">Isa\u00edas 6:3<\/a>; <a class=\"rtBibleRef\" href=\"https:\/\/biblia.com\/bible\/nvi\/Hab%201.13?culture=es\" target=\"_blank\" rel=\"noopener\" data-reference=\"Hab 1.13\" data-version=\"nvi\" data-purpose=\"bible-reference\">Habacuc 1:13<\/a>; <a class=\"rtBibleRef\" href=\"https:\/\/biblia.com\/bible\/nvi\/%C3%89xo%203.2?culture=es\" target=\"_blank\" rel=\"noopener\" data-reference=\"\u00c9xo 3.2\" data-version=\"nvi\" data-purpose=\"bible-reference\">\u00c9xodo 3:2<\/a>, <a class=\"rtBibleRef\" href=\"https:\/\/biblia.com\/bible\/nvi\/%C3%89xodo%203.4?culture=es\" target=\"_blank\" rel=\"noopener\" data-reference=\"\u00c9xodo 3.4\" data-version=\"nvi\" data-purpose=\"bible-reference\">4<\/a>, <a class=\"rtBibleRef\" href=\"https:\/\/biblia.com\/bible\/nvi\/%C3%89xodo%203.5?culture=es\" target=\"_blank\" rel=\"noopener\" data-reference=\"\u00c9xodo 3.5\" data-version=\"nvi\" data-purpose=\"bible-reference\">5<\/a>; <a class=\"rtBibleRef\" href=\"https:\/\/biblia.com\/bible\/nvi\/Heb%2012.29?culture=es\" target=\"_blank\" rel=\"noopener\" data-reference=\"Heb 12.29\" data-version=\"nvi\" data-purpose=\"bible-reference\">Hebreos 12:29<\/a>). Dios es afable \u2013 esto incluir\u00eda Su bondad, benevolencia, misericordia y amor \u2013 las cuales son palabras que dan tintes de significado a Su bondad. Si no fuera por la gracia de Dios, parecer\u00eda que el resto de Sus atributos nos excluir\u00edan de \u00c9l. Afortunadamente este no es el caso, porque El desea conocernos a cada uno personalmente (<a class=\"rtBibleRef\" href=\"https:\/\/biblia.com\/bible\/nvi\/%C3%89xo%2022.27?culture=es\" target=\"_blank\" rel=\"noopener\" data-reference=\"\u00c9xo 22.27\" data-version=\"nvi\" data-purpose=\"bible-reference\">\u00c9xodo 22:27<\/a>; <a class=\"rtBibleRef\" href=\"https:\/\/biblia.com\/bible\/nvi\/Sal%2031.19?culture=es\" target=\"_blank\" rel=\"noopener\" data-reference=\"Sal 31.19\" data-version=\"nvi\" data-purpose=\"bible-reference\">Salmos 31:19<\/a>; <a class=\"rtBibleRef\" href=\"https:\/\/biblia.com\/bible\/nvi\/1%20Ped%201.3?culture=es\" target=\"_blank\" rel=\"noopener\" data-reference=\"1 Ped 1.3\" data-version=\"nvi\" data-purpose=\"bible-reference\">1\u00aa Pedro 1:3<\/a>; <a class=\"rtBibleRef\" href=\"https:\/\/biblia.com\/bible\/nvi\/Juan%203.16?culture=es\" target=\"_blank\" rel=\"noopener\" data-reference=\"Juan 3.16\" data-version=\"nvi\" data-purpose=\"bible-reference\">Juan 3:16<\/a>, <a class=\"rtBibleRef\" href=\"https:\/\/biblia.com\/bible\/nvi\/Juan%2017.3?culture=es\" target=\"_blank\" rel=\"noopener\" data-reference=\"Juan 17.3\" data-version=\"nvi\" data-purpose=\"bible-reference\">Juan 17:3<\/a>).<\/p>","protected":false},"excerpt":{"rendered":"<p>\u00a1La buena nueva es que hay mucho que se puede descubrir acerca de Dios! Aquellos que examinan esta explicaci\u00f3n pueden encontrar provechoso primero leerla completamente; [&hellip;] <span class=\"read-more-link\"><a class=\"read-more\" href=\"https:\/\/findlife.org\/es\/god\/about-god\/\">Read More<\/a><\/span><\/p>\n","protected":false},"author":1,"featured_media":0,"parent":8,"menu_order":0,"comment_status":"closed","ping_status":"closed","template":"","meta":{"_monsterinsights_skip_tracking":false,"_monsterinsights_sitenote_active":false,"_monsterinsights_sitenote_note":"","_monsterinsights_sitenote_category":0,"footnotes":""},"class_list":["post-19","page","type-page","status-publish","hentry"],"_links":{"self":[{"href":"https:\/\/findlife.org\/es\/wp-json\/wp\/v2\/pages\/19","targetHints":{"allow":["GET"]}}],"collection":[{"href":"https:\/\/findlife.org\/es\/wp-json\/wp\/v2\/pages"}],"about":[{"href":"https:\/\/findlife.org\/es\/wp-json\/wp\/v2\/types\/page"}],"author":[{"embeddable":true,"href":"https:\/\/findlife.org\/es\/wp-json\/wp\/v2\/users\/1"}],"replies":[{"embeddable":true,"href":"https:\/\/findlife.org\/es\/wp-json\/wp\/v2\/comments?post=19"}],"version-history":[{"count":1,"href":"https:\/\/findlife.org\/es\/wp-json\/wp\/v2\/pages\/19\/revisions"}],"predecessor-version":[{"id":20,"href":"https:\/\/findlife.org\/es\/wp-json\/wp\/v2\/pages\/19\/revisions\/20"}],"up":[{"embeddable":true,"href":"https:\/\/findlife.org\/es\/wp-json\/wp\/v2\/pages\/8"}],"wp:attachment":[{"href":"https:\/\/findlife.org\/es\/wp-json\/wp\/v2\/media?parent=19"}],"curies":[{"name":"wp","href":"https:\/\/api.w.org\/{rel}","templated":true}]}}