{"id":17,"date":"2018-02-06T05:10:36","date_gmt":"2018-02-06T05:10:36","guid":{"rendered":"http:\/\/findlife.org\/?page_id=17"},"modified":"2018-02-06T05:10:36","modified_gmt":"2018-02-06T05:10:36","slug":"who-is-god","status":"publish","type":"page","link":"https:\/\/findlife.org\/es\/god\/who-is-god\/","title":{"rendered":"\u00bfQui\u00e9n es Dios?"},"content":{"rendered":"<p><strong>\u00bfQui\u00e9n es Dios? \u2013 El Hecho<\/strong><br \/>\nEl hecho de la existencia de Dios es tan conspicuo, tanto a trav\u00e9s de la creaci\u00f3n y a trav\u00e9s de la conciencia del hombre, que la Biblia llama \u201cnecio\u201d al ateo (<a class=\"rtBibleRef\" href=\"https:\/\/biblia.com\/bible\/nvi\/Sal%2014.1?culture=es\" target=\"_blank\" rel=\"noopener\" data-reference=\"Sal 14.1\" data-version=\"nvi\" data-purpose=\"bible-reference\">Salmo 14:1<\/a>). De acuerdo a esto, la Biblia nunca intenta probar la existencia de Dios; m\u00e1s bien, asume Su existencia desde el mismo inicio (<a class=\"rtBibleRef\" href=\"https:\/\/biblia.com\/bible\/nvi\/G%C3%A9n%201.1?culture=es\" target=\"_blank\" rel=\"noopener\" data-reference=\"G\u00e9n 1.1\" data-version=\"nvi\" data-purpose=\"bible-reference\">G\u00e9nesis 1:1<\/a>). Lo que la Biblia hace es revelar la naturaleza, el car\u00e1cter, y la obra de Dios.<\/p>\n<p><strong>\u00bfQui\u00e9n es Dios? \u2013 La Definici\u00f3n<\/strong><br \/>\nEs de suma importancia entender correctamente a Dios, porque una falsa idea acerca de Dios es idolatr\u00eda. En el <a class=\"rtBibleRef\" href=\"https:\/\/biblia.com\/bible\/nvi\/Sal%2050.21?culture=es\" target=\"_blank\" rel=\"noopener\" data-reference=\"Sal 50.21\" data-version=\"nvi\" data-purpose=\"bible-reference\">Salmo 50:21<\/a>, Dios reprueba al hombre imp\u00edo con esta acusaci\u00f3n: \u201cPensabas que de cierto ser\u00eda yo como t\u00fa\u201d. Para empezar, una buena manera de resumir la definici\u00f3n de lo que es Dios es \u201cel Ser Supremo; el Creador y Gobernador de todo lo que hay, el Auto-existente que es perfecto en poder, bondad y sabidur\u00eda.\u201d<\/p>\n<p><strong>\u00bfQui\u00e9n es Dios? \u2013 Su Naturaleza<\/strong><br \/>\nSabemos que ciertas cosas acerca de Dios son verdad por una raz\u00f3n; en Su misericordia, \u00c9l ha condescendido a revelarnos algunas de Sus cualidades. Dios es esp\u00edritu, por naturaleza intangible (<a class=\"rtBibleRef\" href=\"https:\/\/biblia.com\/bible\/nvi\/Juan%204.24?culture=es\" target=\"_blank\" rel=\"noopener\" data-reference=\"Juan 4.24\" data-version=\"nvi\" data-purpose=\"bible-reference\">Juan 4:24<\/a>). Dios es Uno, pero existe en tres Personas \u2013 Dios el Padre, Dios el Hijo, y Dios el Esp\u00edritu Santo (<a class=\"rtBibleRef\" href=\"https:\/\/biblia.com\/bible\/nvi\/Mat%203.16-17?culture=es\" target=\"_blank\" rel=\"noopener\" data-reference=\"Mat 3.16-17\" data-version=\"nvi\" data-purpose=\"bible-reference\">Mateo 3:16-17<\/a>). Dios es infinito (<a class=\"rtBibleRef\" href=\"https:\/\/biblia.com\/bible\/nvi\/1%20Tim%201.17?culture=es\" target=\"_blank\" rel=\"noopener\" data-reference=\"1 Tim 1.17\" data-version=\"nvi\" data-purpose=\"bible-reference\">1 Timoteo 1:17<\/a>), incomparable (<a class=\"rtBibleRef\" href=\"https:\/\/biblia.com\/bible\/nvi\/2%20Sam%207.22?culture=es\" target=\"_blank\" rel=\"noopener\" data-reference=\"2 Sam 7.22\" data-version=\"nvi\" data-purpose=\"bible-reference\">2 Samuel 7:22<\/a>), e inmutable (<a class=\"rtBibleRef\" href=\"https:\/\/biblia.com\/bible\/nvi\/Mal%203.6?culture=es\" target=\"_blank\" rel=\"noopener\" data-reference=\"Mal 3.6\" data-version=\"nvi\" data-purpose=\"bible-reference\">Malaqu\u00edas 3:6<\/a>). Dios existe en todas partes (<a class=\"rtBibleRef\" href=\"https:\/\/biblia.com\/bible\/nvi\/Sal%20139.7-12?culture=es\" target=\"_blank\" rel=\"noopener\" data-reference=\"Sal 139.7-12\" data-version=\"nvi\" data-purpose=\"bible-reference\">Salmo 139:7-12<\/a>), sabe todas las cosas (<a class=\"rtBibleRef\" href=\"https:\/\/biblia.com\/bible\/nvi\/Mat%2011.21?culture=es\" target=\"_blank\" rel=\"noopener\" data-reference=\"Mat 11.21\" data-version=\"nvi\" data-purpose=\"bible-reference\">Mateo 11:21<\/a>), y tiene todo el poder y la autoridad (<a class=\"rtBibleRef\" href=\"https:\/\/biblia.com\/bible\/nvi\/Efe%201?culture=es\" target=\"_blank\" rel=\"noopener\" data-reference=\"Efe 1\" data-version=\"nvi\" data-purpose=\"bible-reference\">Efesios 1<\/a>; <a class=\"rtBibleRef\" href=\"https:\/\/biblia.com\/bible\/nvi\/Apoc%2019.6?culture=es\" target=\"_blank\" rel=\"noopener\" data-reference=\"Apoc 19.6\" data-version=\"nvi\" data-purpose=\"bible-reference\">Apocalipsis 19:6<\/a>).<\/p>\n<p><strong>\u00bfQui\u00e9n es Dios? \u2013 Su Car\u00e1cter<\/strong><br \/>\nEstas son algunas de las caracter\u00edsticas de Dios como se revelan en la Biblia: Dios es justo (<a class=\"rtBibleRef\" href=\"https:\/\/biblia.com\/bible\/nvi\/Hech%2017.31?culture=es\" target=\"_blank\" rel=\"noopener\" data-reference=\"Hech 17.31\" data-version=\"nvi\" data-purpose=\"bible-reference\">Hechos 17:31<\/a>), amoroso (<a class=\"rtBibleRef\" href=\"https:\/\/biblia.com\/bible\/nvi\/Efe%202.4-5?culture=es\" target=\"_blank\" rel=\"noopener\" data-reference=\"Efe 2.4-5\" data-version=\"nvi\" data-purpose=\"bible-reference\">Efesios 2:4-5<\/a>), veraz (<a class=\"rtBibleRef\" href=\"https:\/\/biblia.com\/bible\/nvi\/Juan%2014.6?culture=es\" target=\"_blank\" rel=\"noopener\" data-reference=\"Juan 14.6\" data-version=\"nvi\" data-purpose=\"bible-reference\">Juan 14:6<\/a>), y santo (<a class=\"rtBibleRef\" href=\"https:\/\/biblia.com\/bible\/nvi\/1%20Jn%201.5?culture=es\" target=\"_blank\" rel=\"noopener\" data-reference=\"1 Jn 1.5\" data-version=\"nvi\" data-purpose=\"bible-reference\">1 Juan 1:5<\/a>). Dios muestra compasi\u00f3n (<a class=\"rtBibleRef\" href=\"https:\/\/biblia.com\/bible\/nvi\/2%20Cor%201.3?culture=es\" target=\"_blank\" rel=\"noopener\" data-reference=\"2 Cor 1.3\" data-version=\"nvi\" data-purpose=\"bible-reference\">2 Corintios 1:3<\/a>), misericordia (<a class=\"rtBibleRef\" href=\"https:\/\/biblia.com\/bible\/nvi\/Rom%209.15?culture=es\" target=\"_blank\" rel=\"noopener\" data-reference=\"Rom 9.15\" data-version=\"nvi\" data-purpose=\"bible-reference\">Romanos 9:15<\/a>), y gracia (<a class=\"rtBibleRef\" href=\"https:\/\/biblia.com\/bible\/nvi\/Rom%205.17?culture=es\" target=\"_blank\" rel=\"noopener\" data-reference=\"Rom 5.17\" data-version=\"nvi\" data-purpose=\"bible-reference\">Romanos 5:17<\/a>). Dios juzga el pecado (<a class=\"rtBibleRef\" href=\"https:\/\/biblia.com\/bible\/nvi\/Sal%205.5?culture=es\" target=\"_blank\" rel=\"noopener\" data-reference=\"Sal 5.5\" data-version=\"nvi\" data-purpose=\"bible-reference\">Salmo 5:5<\/a>) pero tambi\u00e9n ofrece el perd\u00f3n (<a class=\"rtBibleRef\" href=\"https:\/\/biblia.com\/bible\/nvi\/Sal%20130.4?culture=es\" target=\"_blank\" rel=\"noopener\" data-reference=\"Sal 130.4\" data-version=\"nvi\" data-purpose=\"bible-reference\">Salmo 130:4<\/a>).<\/p>\n<p><strong>\u00bfQui\u00e9n es Dios? \u2013 Su Obra<\/strong><br \/>\nNo podemos entender a Dios aparte de Sus obras, porque lo que Dios hace procede de qui\u00e9n es \u00c9l. Esta es una lista abreviada de las obras de Dios; pasadas, presentes y futuras. Dios cre\u00f3 al mundo (<a class=\"rtBibleRef\" href=\"https:\/\/biblia.com\/bible\/nvi\/G%C3%A9n%201.1?culture=es\" target=\"_blank\" rel=\"noopener\" data-reference=\"G\u00e9n 1.1\" data-version=\"nvi\" data-purpose=\"bible-reference\">G\u00e9nesis 1:1<\/a>; <a class=\"rtBibleRef\" href=\"https:\/\/biblia.com\/bible\/nvi\/Isa%2042.5?culture=es\" target=\"_blank\" rel=\"noopener\" data-reference=\"Isa 42.5\" data-version=\"nvi\" data-purpose=\"bible-reference\">Isa\u00edas 42:5<\/a>); \u00c9l sostiene activamente al mundo (<a class=\"rtBibleRef\" href=\"https:\/\/biblia.com\/bible\/nvi\/Col%201.17?culture=es\" target=\"_blank\" rel=\"noopener\" data-reference=\"Col 1.17\" data-version=\"nvi\" data-purpose=\"bible-reference\">Colosenses 1:17<\/a>); \u00c9l est\u00e1 ejecutando Su plan eterno (<a class=\"rtBibleRef\" href=\"https:\/\/biblia.com\/bible\/nvi\/Efe%201.11?culture=es\" target=\"_blank\" rel=\"noopener\" data-reference=\"Efe 1.11\" data-version=\"nvi\" data-purpose=\"bible-reference\">Efesios 1:11<\/a>) el cual incluye la redenci\u00f3n del hombre de la maldici\u00f3n del pecado y de la muerte (<a class=\"rtBibleRef\" href=\"https:\/\/biblia.com\/bible\/nvi\/G%C3%A1l%203.13-14?culture=es\" target=\"_blank\" rel=\"noopener\" data-reference=\"G\u00e1l 3.13-14\" data-version=\"nvi\" data-purpose=\"bible-reference\">G\u00e1latas 3:13-14<\/a>); \u00c9l lleva a la gente a Cristo (<a class=\"rtBibleRef\" href=\"https:\/\/biblia.com\/bible\/nvi\/Juan%206.44?culture=es\" target=\"_blank\" rel=\"noopener\" data-reference=\"Juan 6.44\" data-version=\"nvi\" data-purpose=\"bible-reference\">Juan 6:44<\/a>); \u00c9l disciplina a Sus hijos (<a class=\"rtBibleRef\" href=\"https:\/\/biblia.com\/bible\/nvi\/Heb%2012.6?culture=es\" target=\"_blank\" rel=\"noopener\" data-reference=\"Heb 12.6\" data-version=\"nvi\" data-purpose=\"bible-reference\">Hebreos 12:6<\/a>); y \u00c9l juzgar\u00e1 al mundo (<a class=\"rtBibleRef\" href=\"https:\/\/biblia.com\/bible\/nvi\/Apoc%2020.11-15?culture=es\" target=\"_blank\" rel=\"noopener\" data-reference=\"Apoc 20.11-15\" data-version=\"nvi\" data-purpose=\"bible-reference\">Apocalipsis 20:11-15<\/a>).<\/p>\n<p><strong>\u00bfQui\u00e9n es Dios? \u2013 Una Relaci\u00f3n con \u00c9l<\/strong><\/p>\n<p>Dios se encarn\u00f3 en la Persona del Hijo, (<a class=\"rtBibleRef\" href=\"https:\/\/biblia.com\/bible\/nvi\/Juan%201.14?culture=es\" target=\"_blank\" rel=\"noopener\" data-reference=\"Juan 1.14\" data-version=\"nvi\" data-purpose=\"bible-reference\">Juan 1:14<\/a>). El Hijo de Dios se hizo el Hijo del Hombre y por lo tanto es el \u201cpuente\u201d entre Dios y el hombre (<a class=\"rtBibleRef\" href=\"https:\/\/biblia.com\/bible\/nvi\/Juan%2014.6?culture=es\" target=\"_blank\" rel=\"noopener\" data-reference=\"Juan 14.6\" data-version=\"nvi\" data-purpose=\"bible-reference\">Juan 14:6<\/a>; <a class=\"rtBibleRef\" href=\"https:\/\/biblia.com\/bible\/nvi\/1%20Tim%202.5?culture=es\" target=\"_blank\" rel=\"noopener\" data-reference=\"1 Tim 2.5\" data-version=\"nvi\" data-purpose=\"bible-reference\">1 Timoteo 2:5<\/a>). Es s\u00f3lo a trav\u00e9s del Hijo que podemos tener el perd\u00f3n de los pecados (<a class=\"rtBibleRef\" href=\"https:\/\/biblia.com\/bible\/nvi\/Efe%201.7?culture=es\" target=\"_blank\" rel=\"noopener\" data-reference=\"Efe 1.7\" data-version=\"nvi\" data-purpose=\"bible-reference\">Efesios 1:7<\/a>), la reconciliaci\u00f3n con Dios (<a class=\"rtBibleRef\" href=\"https:\/\/biblia.com\/bible\/nvi\/Juan%2015.15?culture=es\" target=\"_blank\" rel=\"noopener\" data-reference=\"Juan 15.15\" data-version=\"nvi\" data-purpose=\"bible-reference\">Juan 15:15<\/a>; <a class=\"rtBibleRef\" href=\"https:\/\/biblia.com\/bible\/nvi\/Rom%205.10?culture=es\" target=\"_blank\" rel=\"noopener\" data-reference=\"Rom 5.10\" data-version=\"nvi\" data-purpose=\"bible-reference\">Romanos 5:10<\/a>), y la salvaci\u00f3n eterna (<a class=\"rtBibleRef\" href=\"https:\/\/biblia.com\/bible\/nvi\/2%20Tim%202.10?culture=es\" target=\"_blank\" rel=\"noopener\" data-reference=\"2 Tim 2.10\" data-version=\"nvi\" data-purpose=\"bible-reference\">2 Timoteo 2:10<\/a>). En Jesucristo \u201chabita corporalmente toda la plenitud de la Deidad\u201d (<a class=\"rtBibleRef\" href=\"https:\/\/biblia.com\/bible\/nvi\/Col%202.9?culture=es\" target=\"_blank\" rel=\"noopener\" data-reference=\"Col 2.9\" data-version=\"nvi\" data-purpose=\"bible-reference\">Colosenses 2:9<\/a>). As\u00ed que, para saber realmente qui\u00e9n es Dios, todo lo que tenemos que hacer, es ver a Jes\u00fas.<\/p>","protected":false},"excerpt":{"rendered":"<p>\u00bfQui\u00e9n es Dios? \u2013 El Hecho El hecho de la existencia de Dios es tan conspicuo, tanto a trav\u00e9s de la creaci\u00f3n y a trav\u00e9s [&hellip;] <span class=\"read-more-link\"><a class=\"read-more\" href=\"https:\/\/findlife.org\/es\/god\/who-is-god\/\">Read More<\/a><\/span><\/p>\n","protected":false},"author":1,"featured_media":0,"parent":8,"menu_order":0,"comment_status":"closed","ping_status":"closed","template":"","meta":{"_monsterinsights_skip_tracking":false,"_monsterinsights_sitenote_active":false,"_monsterinsights_sitenote_note":"","_monsterinsights_sitenote_category":0,"footnotes":""},"class_list":["post-17","page","type-page","status-publish","hentry"],"_links":{"self":[{"href":"https:\/\/findlife.org\/es\/wp-json\/wp\/v2\/pages\/17","targetHints":{"allow":["GET"]}}],"collection":[{"href":"https:\/\/findlife.org\/es\/wp-json\/wp\/v2\/pages"}],"about":[{"href":"https:\/\/findlife.org\/es\/wp-json\/wp\/v2\/types\/page"}],"author":[{"embeddable":true,"href":"https:\/\/findlife.org\/es\/wp-json\/wp\/v2\/users\/1"}],"replies":[{"embeddable":true,"href":"https:\/\/findlife.org\/es\/wp-json\/wp\/v2\/comments?post=17"}],"version-history":[{"count":1,"href":"https:\/\/findlife.org\/es\/wp-json\/wp\/v2\/pages\/17\/revisions"}],"predecessor-version":[{"id":18,"href":"https:\/\/findlife.org\/es\/wp-json\/wp\/v2\/pages\/17\/revisions\/18"}],"up":[{"embeddable":true,"href":"https:\/\/findlife.org\/es\/wp-json\/wp\/v2\/pages\/8"}],"wp:attachment":[{"href":"https:\/\/findlife.org\/es\/wp-json\/wp\/v2\/media?parent=17"}],"curies":[{"name":"wp","href":"https:\/\/api.w.org\/{rel}","templated":true}]}}