{"id":13,"date":"2018-02-06T05:02:18","date_gmt":"2018-02-06T05:02:18","guid":{"rendered":"http:\/\/findlife.org\/?page_id=13"},"modified":"2018-02-07T05:48:27","modified_gmt":"2018-02-07T05:48:27","slug":"does-god-exist","status":"publish","type":"page","link":"https:\/\/findlife.org\/es\/god\/does-god-exist\/","title":{"rendered":"\u00bfExiste Dios?"},"content":{"rendered":"<p>La existencia de Dios no puede ser probada o desmentida. A\u00fan la Biblia dice que deber\u00edamos aceptar por fe, el hecho de que Dios existe, \u201cPero sin fe es imposible agradar a Dios; porque es necesario que el que se acerca a Dios crea que le hay, y que es galardonador de los que le buscan\u201d (<a class=\"rtBibleRef\" href=\"https:\/\/biblia.com\/bible\/nvi\/Heb%2011.6?culture=es\" target=\"_blank\" rel=\"noopener\" data-reference=\"Heb 11.6\" data-version=\"nvi\" data-purpose=\"bible-reference\">Hebreos 11:6<\/a>). Si Dios lo deseara as\u00ed, simplemente podr\u00eda aparecer, y probar a todo el mundo que El existe. Pero si lo hiciera, no habr\u00eda necesidad de fe. \u201cJes\u00fas le dijo: porque me has visto, cre\u00edste; bienaventurados los que no vieron, y creyeron\u201d (<a class=\"rtBibleRef\" href=\"https:\/\/biblia.com\/bible\/nvi\/Juan%2020.29?culture=es\" target=\"_blank\" rel=\"noopener\" data-reference=\"Juan 20.29\" data-version=\"nvi\" data-purpose=\"bible-reference\">Juan 20:29<\/a>).<\/p>\n<p>Sin embargo, eso no significa que no hay evidencia de la existencia de Dios. La Biblia declara, \u201cLos cielos cuentan la gloria de Dios, y el firmamento anuncia la obra de sus manos. Un d\u00eda emite palabra a otro d\u00eda, y una noche a otra noche declara sabidur\u00eda. No hay lenguaje, ni palabras, ni es o\u00edda su voz. Por toda la tierra sali\u00f3 su voz, y hasta el extremo del mundo sus palabras\u201d (<a class=\"rtBibleRef\" href=\"https:\/\/biblia.com\/bible\/nvi\/Sal%2019.1-4?culture=es\" target=\"_blank\" rel=\"noopener\" data-reference=\"Sal 19.1-4\" data-version=\"nvi\" data-purpose=\"bible-reference\">Salmos 19:1-4<\/a>). Al mirar las estrellas, al entender la inmensidad del universo, al observar las maravillas de la naturaleza, al ver la belleza de la puesta del sol \u2013 vemos que todas ellas apuntan hacia un Creador, Dios. Si esto no fuera suficiente, tambi\u00e9n hay evidencia de Dios en nuestros propios corazones. <a class=\"rtBibleRef\" href=\"https:\/\/biblia.com\/bible\/nvi\/Ecl%203.11?culture=es\" target=\"_blank\" rel=\"noopener\" data-reference=\"Ecl 3.11\" data-version=\"nvi\" data-purpose=\"bible-reference\">Eclesiast\u00e9s 3:11<\/a> nos dice, \u201c\u2026y ha puesto eternidad en el coraz\u00f3n de los hombres\u2026\u201d Hay algo en lo profundo de nuestro ser, que reconoce que hay algo m\u00e1s all\u00e1 de esta vida y alguien m\u00e1s all\u00e1 de este mundo.<\/p>\n<p>Intelectualmente podemos negar este conocimiento, pero la presencia de Dios en nosotros y a trav\u00e9s de nosotros, todav\u00eda est\u00e1 ah\u00ed. A pesar de todo esto, la Biblia nos advierte que todav\u00eda hay algunos que niegan la existencia de Dios, \u201cDice el necio en su coraz\u00f3n: No hay Dios\u201d (<a class=\"rtBibleRef\" href=\"https:\/\/biblia.com\/bible\/nvi\/Sal%2014.1?culture=es\" target=\"_blank\" rel=\"noopener\" data-reference=\"Sal 14.1\" data-version=\"nvi\" data-purpose=\"bible-reference\">Salmos 14:1<\/a>). Debido a que sobre el 98% de la gente a trav\u00e9s de la historia, en todas las culturas, en todas las civilizaciones, en todos los continentes, creen en la existencia de alg\u00fan tipo de Dios \u2013 debe haber algo (o alguien) que causa esta creencia.<\/p>\n<p>Adem\u00e1s de los argumentos b\u00edblicos para la existencia de Dios, hay argumentos l\u00f3gicos. Primero, tenemos el argumento ontol\u00f3gico. La forma m\u00e1s popular del argumento ontol\u00f3gico, usa b\u00e1sicamente el concepto de Dios para probar Su existencia. Este comienza con la definici\u00f3n de Dios como \u201cEse del cual no puede ser concebido uno m\u00e1s grande\u201d. Entonces se sostiene que existir es mayor que no existir, y por tanto el mayor ser concebible debe existir. Si Dios no existi\u00f3, entonces Dios no ser\u00eda el mayor ser concebible \u2013 pero eso ir\u00eda a contradecir la definici\u00f3n misma de Dios. El segundo es el argumento teol\u00f3gico. El argumento teol\u00f3gico dice que desde que el universo despliega tal maravilloso dise\u00f1o, debe haber habido un dise\u00f1ador Divino. Por ejemplo, a\u00fan si la tierra estuviera unos pocos cientos de millas m\u00e1s cerca o m\u00e1s lejos del sol, no ser\u00eda capaz de mantener mucha de la vida que en la actualidad lo hace. Si los elementos en nuestra atm\u00f3sfera fueran diferentes a\u00fan en un peque\u00f1o porcentaje, cada cosa viviente sobre la tierra morir\u00eda. Las probabilidades de una simple mol\u00e9cula de prote\u00edna formada por casualidad es 1 en 10 elevado a la potencia 243 (es decir, 10 seguido de 243 ceros). Una simple c\u00e9lula consta de millones de mol\u00e9culas de prote\u00edna.<\/p>\n<p>Un tercer argumento l\u00f3gico para la existencia de Dios es el denominado argumento cosmol\u00f3gico. Cada efecto debe tener una causa. Este universo y todo lo que en el hay es un efecto. Debe haber algo que caus\u00f3 que todo existiera. A la larga, debe haber algo \u201csin-raz\u00f3n\u201d a fin de provocar que todo lo dem\u00e1s exista. Esa \u201csin-raz\u00f3n\u201d es Dios. Un cuarto argumento es conocido como el argumento moral. Cada cultura a trav\u00e9s de la historia ha tenido alguna forma de ley. Todos tienen un sentido de lo correcto y lo err\u00f3neo. El asesinato, la mentira, el robo, y la inmoralidad son rechazados casi universalmente. \u00bfDe d\u00f3nde vino ese sentido de lo correcto y lo err\u00f3neo, sino de un Dios santo?<\/p>\n<p>A pesar de todo esto, la Biblia nos dice que la gente va a rechazar el conocimiento claro e innegable de Dios, y en lugar de ello, creer una mentira. <a class=\"rtBibleRef\" href=\"https:\/\/biblia.com\/bible\/nvi\/Rom%201.25?culture=es\" target=\"_blank\" rel=\"noopener\" data-reference=\"Rom 1.25\" data-version=\"nvi\" data-purpose=\"bible-reference\">Romanos 1:25<\/a> declara, \u201cYa que cambiaron la verdad de Dios por la mentira, honrando y dando culto a las criaturas antes que al Creador, el cual es bendito por los siglos. Am\u00e9n.\u201d La Biblia tambi\u00e9n proclama que la gente no tiene excusa para no creer en Dios, \u201cPorque las cosas invisibles de \u00e9l, su eterno poder y deidad, se hacen claramente visibles desde la creaci\u00f3n del mundo, siendo entendidas por medio de las cosas hechas, de modo que no tienen excusa\u201d (<a class=\"rtBibleRef\" href=\"https:\/\/biblia.com\/bible\/nvi\/Rom%201.20?culture=es\" target=\"_blank\" rel=\"noopener\" data-reference=\"Rom 1.20\" data-version=\"nvi\" data-purpose=\"bible-reference\">Romanos 1:20<\/a>).<\/p>\n<p>La gente demanda no creer en Dios porque \u201cno es cient\u00edfico\u201d o \u201cporque no hay pruebas\u201d. La raz\u00f3n verdadera es que una vez que la gente admite que hay un Dios, tambi\u00e9n deben darse cuenta de que son responsables hacia Dios y que est\u00e1n necesitados de Su perd\u00f3n (<a class=\"rtBibleRef\" href=\"https:\/\/biblia.com\/bible\/nvi\/Rom%203.23?culture=es\" target=\"_blank\" rel=\"noopener\" data-reference=\"Rom 3.23\" data-version=\"nvi\" data-purpose=\"bible-reference\">Romanos 3:23<\/a>; <a class=\"rtBibleRef\" href=\"https:\/\/biblia.com\/bible\/nvi\/Romanos%208.23?culture=es\" target=\"_blank\" rel=\"noopener\" data-reference=\"Romanos 8.23\" data-version=\"nvi\" data-purpose=\"bible-reference\">8:23<\/a>). Si Dios existe, entonces somos responsables por nuestras acciones hacia El. Si Dios no existe, entonces podemos hacer lo que queramos sin tener que preocuparnos porque Dios nos juzgue. Creo que esa es la raz\u00f3n por la que muchos en esta sociedad, est\u00e1n tan fuertemente aferrados a la evoluci\u00f3n \u2013 para dar a la gente una alternativa de creer en un Dios Creador. Dios existe y a la larga todo el mundo sabe que El existe. El hecho mismo de que algunos intenten tan agresivamente refutar Su existencia es de hecho un argumento para Su existencia.<\/p>\n<p>Perm\u00edtame dar un \u00faltimo argumento para la existencia de Dios. \u00bfC\u00f3mo s\u00e9 que existe Dios? Yo s\u00e9 que Dios existe porque hablo con El todos los d\u00edas. No lo escucho habl\u00e1ndome con voz audible, pero siento Su presencia, siento Su gu\u00eda, conozco Su amor, deseo Su gracia. Han ocurrido cosas en mi vida que no tienen otra explicaci\u00f3n posible sino Dios. Dios me ha salvado tan milagrosamente y ha cambiado mi vida que no puedo sino reconocer y alabar Su existencia. Ninguno de estos argumentos en s\u00ed, pueden persuadir a alguien que reh\u00fasa reconocer lo que es tan claro. Al final, la existencia de Dios debe ser aceptada por fe (<a class=\"rtBibleRef\" href=\"https:\/\/biblia.com\/bible\/nvi\/Heb%2011.6?culture=es\" target=\"_blank\" rel=\"noopener\" data-reference=\"Heb 11.6\" data-version=\"nvi\" data-purpose=\"bible-reference\">Hebreos 11:6<\/a>). La fe en Dios no es un salto ciego a la oscuridad, este es un paso seguro a una habitaci\u00f3n bien iluminada en donde ya se encuentra el 90% de la gente.<\/p>","protected":false},"excerpt":{"rendered":"<p>La existencia de Dios no puede ser probada o desmentida. A\u00fan la Biblia dice que deber\u00edamos aceptar por fe, el hecho de que Dios existe, [&hellip;] <span class=\"read-more-link\"><a class=\"read-more\" href=\"https:\/\/findlife.org\/es\/god\/does-god-exist\/\">Read More<\/a><\/span><\/p>\n","protected":false},"author":1,"featured_media":0,"parent":8,"menu_order":0,"comment_status":"closed","ping_status":"closed","template":"","meta":{"_monsterinsights_skip_tracking":false,"_monsterinsights_sitenote_active":false,"_monsterinsights_sitenote_note":"","_monsterinsights_sitenote_category":0,"footnotes":""},"class_list":["post-13","page","type-page","status-publish","hentry"],"_links":{"self":[{"href":"https:\/\/findlife.org\/es\/wp-json\/wp\/v2\/pages\/13","targetHints":{"allow":["GET"]}}],"collection":[{"href":"https:\/\/findlife.org\/es\/wp-json\/wp\/v2\/pages"}],"about":[{"href":"https:\/\/findlife.org\/es\/wp-json\/wp\/v2\/types\/page"}],"author":[{"embeddable":true,"href":"https:\/\/findlife.org\/es\/wp-json\/wp\/v2\/users\/1"}],"replies":[{"embeddable":true,"href":"https:\/\/findlife.org\/es\/wp-json\/wp\/v2\/comments?post=13"}],"version-history":[{"count":2,"href":"https:\/\/findlife.org\/es\/wp-json\/wp\/v2\/pages\/13\/revisions"}],"predecessor-version":[{"id":57,"href":"https:\/\/findlife.org\/es\/wp-json\/wp\/v2\/pages\/13\/revisions\/57"}],"up":[{"embeddable":true,"href":"https:\/\/findlife.org\/es\/wp-json\/wp\/v2\/pages\/8"}],"wp:attachment":[{"href":"https:\/\/findlife.org\/es\/wp-json\/wp\/v2\/media?parent=13"}],"curies":[{"name":"wp","href":"https:\/\/api.w.org\/{rel}","templated":true}]}}